{"id":26695,"date":"2022-06-24T14:53:50","date_gmt":"2022-06-24T12:53:50","guid":{"rendered":"http:\/\/www.hapy-com.fr\/echoppe\/product\/bandana-garfy-5\/"},"modified":"2022-06-24T14:53:50","modified_gmt":"2022-06-24T12:53:50","slug":"bandana-garfy-5","status":"publish","type":"product","link":"https:\/\/www.hapy-com.fr\/echoppe\/product\/bandana-garfy-5\/","title":{"rendered":"Bandana Garfy"},"content":{"rendered":"<p>Bandana en m\u00e9lange de coton et de polyester doux. Gamme vari\u00e9e de couleurs vives et avec rubans de r\u00e9glage.<\/p>\n","protected":false},"excerpt":{"rendered":"<p>Bandana en m\u00e9lange de coton et de polyester doux. Gamme vari\u00e9e de couleurs vives et avec rubans de r\u00e9glage.<\/p>\n","protected":false},"featured_media":10373,"template":"","meta":[],"product_cat":[345],"product_tag":[],"class_list":{"0":"post-26695","1":"product","2":"type-product","3":"status-publish","4":"has-post-thumbnail","6":"product_cat-accessoires","8":"first","9":"instock","10":"shipping-taxable","11":"purchasable","12":"product-type-simple"},"_links":{"self":[{"href":"https:\/\/www.hapy-com.fr\/echoppe\/wp-json\/wp\/v2\/product\/26695","targetHints":{"allow":["GET"]}}],"collection":[{"href":"https:\/\/www.hapy-com.fr\/echoppe\/wp-json\/wp\/v2\/product"}],"about":[{"href":"https:\/\/www.hapy-com.fr\/echoppe\/wp-json\/wp\/v2\/types\/product"}],"wp:featuredmedia":[{"embeddable":true,"href":"https:\/\/www.hapy-com.fr\/echoppe\/wp-json\/wp\/v2\/media\/10373"}],"wp:attachment":[{"href":"https:\/\/www.hapy-com.fr\/echoppe\/wp-json\/wp\/v2\/media?parent=26695"}],"wp:term":[{"taxonomy":"product_cat","embeddable":true,"href":"https:\/\/www.hapy-com.fr\/echoppe\/wp-json\/wp\/v2\/product_cat?post=26695"},{"taxonomy":"product_tag","embeddable":true,"href":"https:\/\/www.hapy-com.fr\/echoppe\/wp-json\/wp\/v2\/product_tag?post=26695"}],"curies":[{"name":"wp","href":"https:\/\/api.w.org\/{rel}","templated":true}]}}