{"id":26702,"date":"2022-06-24T14:53:54","date_gmt":"2022-06-24T12:53:54","guid":{"rendered":"http:\/\/www.hapy-com.fr\/echoppe\/product\/set-vin-baco-2\/"},"modified":"2022-06-24T14:53:54","modified_gmt":"2022-06-24T12:53:54","slug":"set-vin-baco-2","status":"publish","type":"product","link":"https:\/\/www.hapy-com.fr\/echoppe\/product\/set-vin-baco-2\/","title":{"rendered":"Set Vin Baco"},"content":{"rendered":"<p>Coffret \u00e0 vins de forme ronde \u00e9l\u00e9gante avec une finition en bois naturel. Accessoires en acier inoxydable et en bois. Comprend un tire-bouchon avec coupe-capsule et ouvre bouteille, un bouchon, un bec verseur, un anneau anti-goutte et un thermom\u00e8tre. Pr\u00e9sent\u00e9 en coffret individuel avec int\u00e9rieur en mousse souple beige.<\/p>\n","protected":false},"excerpt":{"rendered":"<p>Coffret \u00e0 vins de forme ronde \u00e9l\u00e9gante avec une finition en bois naturel. Accessoires en acier inoxydable et en bois. Comprend un tire-bouchon avec coupe-capsule et ouvre bouteille, un bouchon,&#8230;<\/p>\n","protected":false},"featured_media":10376,"template":"","meta":[],"product_cat":[345],"product_tag":[],"class_list":{"0":"post-26702","1":"product","2":"type-product","3":"status-publish","4":"has-post-thumbnail","6":"product_cat-accessoires","8":"first","9":"instock","10":"shipping-taxable","11":"purchasable","12":"product-type-simple"},"_links":{"self":[{"href":"https:\/\/www.hapy-com.fr\/echoppe\/wp-json\/wp\/v2\/product\/26702","targetHints":{"allow":["GET"]}}],"collection":[{"href":"https:\/\/www.hapy-com.fr\/echoppe\/wp-json\/wp\/v2\/product"}],"about":[{"href":"https:\/\/www.hapy-com.fr\/echoppe\/wp-json\/wp\/v2\/types\/product"}],"wp:featuredmedia":[{"embeddable":true,"href":"https:\/\/www.hapy-com.fr\/echoppe\/wp-json\/wp\/v2\/media\/10376"}],"wp:attachment":[{"href":"https:\/\/www.hapy-com.fr\/echoppe\/wp-json\/wp\/v2\/media?parent=26702"}],"wp:term":[{"taxonomy":"product_cat","embeddable":true,"href":"https:\/\/www.hapy-com.fr\/echoppe\/wp-json\/wp\/v2\/product_cat?post=26702"},{"taxonomy":"product_tag","embeddable":true,"href":"https:\/\/www.hapy-com.fr\/echoppe\/wp-json\/wp\/v2\/product_tag?post=26702"}],"curies":[{"name":"wp","href":"https:\/\/api.w.org\/{rel}","templated":true}]}}