{"id":26705,"date":"2022-06-24T14:53:56","date_gmt":"2022-06-24T12:53:56","guid":{"rendered":"http:\/\/www.hapy-com.fr\/echoppe\/product\/refroidisseur-bouteilles-nuisant-3\/"},"modified":"2022-06-24T14:53:56","modified_gmt":"2022-06-24T12:53:56","slug":"refroidisseur-bouteilles-nuisant-3","status":"publish","type":"product","link":"https:\/\/www.hapy-com.fr\/echoppe\/product\/refroidisseur-bouteilles-nuisant-3\/","title":{"rendered":"Refroidisseur Bouteilles Nuisant"},"content":{"rendered":"<p>Refroidisseur en PVC avec liquide de refroidissement \u00e0 l\u00b4int\u00e9rieur. Imperm\u00e9able finition thermoscell\u00e9e. Fermeture Velcro ajustable.Disponible en plusieurs coloris.<\/p>\n","protected":false},"excerpt":{"rendered":"<p>Refroidisseur en PVC avec liquide de refroidissement \u00e0 l\u00b4int\u00e9rieur. Imperm\u00e9able finition thermoscell\u00e9e. Fermeture Velcro ajustable.Disponible en plusieurs coloris.<\/p>\n","protected":false},"featured_media":26704,"template":"","meta":[],"product_cat":[345],"product_tag":[],"class_list":{"0":"post-26705","1":"product","2":"type-product","3":"status-publish","4":"has-post-thumbnail","6":"product_cat-accessoires","8":"first","9":"instock","10":"shipping-taxable","11":"purchasable","12":"product-type-simple"},"_links":{"self":[{"href":"https:\/\/www.hapy-com.fr\/echoppe\/wp-json\/wp\/v2\/product\/26705","targetHints":{"allow":["GET"]}}],"collection":[{"href":"https:\/\/www.hapy-com.fr\/echoppe\/wp-json\/wp\/v2\/product"}],"about":[{"href":"https:\/\/www.hapy-com.fr\/echoppe\/wp-json\/wp\/v2\/types\/product"}],"wp:featuredmedia":[{"embeddable":true,"href":"https:\/\/www.hapy-com.fr\/echoppe\/wp-json\/wp\/v2\/media\/26704"}],"wp:attachment":[{"href":"https:\/\/www.hapy-com.fr\/echoppe\/wp-json\/wp\/v2\/media?parent=26705"}],"wp:term":[{"taxonomy":"product_cat","embeddable":true,"href":"https:\/\/www.hapy-com.fr\/echoppe\/wp-json\/wp\/v2\/product_cat?post=26705"},{"taxonomy":"product_tag","embeddable":true,"href":"https:\/\/www.hapy-com.fr\/echoppe\/wp-json\/wp\/v2\/product_tag?post=26705"}],"curies":[{"name":"wp","href":"https:\/\/api.w.org\/{rel}","templated":true}]}}