{"id":26747,"date":"2022-06-24T14:54:21","date_gmt":"2022-06-24T12:54:21","guid":{"rendered":"http:\/\/www.hapy-com.fr\/echoppe\/product\/verre-pevic-3\/"},"modified":"2022-06-24T14:54:21","modified_gmt":"2022-06-24T12:54:21","slug":"verre-pevic-3","status":"publish","type":"product","link":"https:\/\/www.hapy-com.fr\/echoppe\/product\/verre-pevic-3\/","title":{"rendered":"Verre Pevic"},"content":{"rendered":"<p>Gobelet de 300ml de contenance, en PP, mat\u00e9riaux r\u00e9sistant et flexible. R\u00e9utilisable et disponible dans diff\u00e9rents colories, finition translucide.<\/p>\n","protected":false},"excerpt":{"rendered":"<p>Gobelet de 300ml de contenance, en PP, mat\u00e9riaux r\u00e9sistant et flexible. R\u00e9utilisable et disponible dans diff\u00e9rents colories, finition translucide.<\/p>\n","protected":false},"featured_media":10488,"template":"","meta":[],"product_cat":[346],"product_tag":[],"class_list":{"0":"post-26747","1":"product","2":"type-product","3":"status-publish","4":"has-post-thumbnail","6":"product_cat-mugs","8":"first","9":"instock","10":"shipping-taxable","11":"purchasable","12":"product-type-simple"},"_links":{"self":[{"href":"https:\/\/www.hapy-com.fr\/echoppe\/wp-json\/wp\/v2\/product\/26747","targetHints":{"allow":["GET"]}}],"collection":[{"href":"https:\/\/www.hapy-com.fr\/echoppe\/wp-json\/wp\/v2\/product"}],"about":[{"href":"https:\/\/www.hapy-com.fr\/echoppe\/wp-json\/wp\/v2\/types\/product"}],"wp:featuredmedia":[{"embeddable":true,"href":"https:\/\/www.hapy-com.fr\/echoppe\/wp-json\/wp\/v2\/media\/10488"}],"wp:attachment":[{"href":"https:\/\/www.hapy-com.fr\/echoppe\/wp-json\/wp\/v2\/media?parent=26747"}],"wp:term":[{"taxonomy":"product_cat","embeddable":true,"href":"https:\/\/www.hapy-com.fr\/echoppe\/wp-json\/wp\/v2\/product_cat?post=26747"},{"taxonomy":"product_tag","embeddable":true,"href":"https:\/\/www.hapy-com.fr\/echoppe\/wp-json\/wp\/v2\/product_tag?post=26747"}],"curies":[{"name":"wp","href":"https:\/\/api.w.org\/{rel}","templated":true}]}}