{"id":26770,"date":"2022-06-24T14:54:40","date_gmt":"2022-06-24T12:54:40","guid":{"rendered":"http:\/\/www.hapy-com.fr\/echoppe\/product\/verre-kimstar-7\/"},"modified":"2022-06-24T14:54:40","modified_gmt":"2022-06-24T12:54:40","slug":"verre-kimstar-7","status":"publish","type":"product","link":"https:\/\/www.hapy-com.fr\/echoppe\/product\/verre-kimstar-7\/","title":{"rendered":"Verre Kimstar"},"content":{"rendered":"<p>Verre en PP de 420 ml disponible dans une gamme color\u00e9e. Couvercle avec bouchon doseur de s\u00e9curit\u00e9.<\/p>\n","protected":false},"excerpt":{"rendered":"<p>Verre en PP de 420 ml disponible dans une gamme color\u00e9e. Couvercle avec bouchon doseur de s\u00e9curit\u00e9.<\/p>\n","protected":false},"featured_media":26769,"template":"","meta":[],"product_cat":[346],"product_tag":[],"class_list":{"0":"post-26770","1":"product","2":"type-product","3":"status-publish","4":"has-post-thumbnail","6":"product_cat-mugs","8":"first","9":"instock","10":"shipping-taxable","11":"purchasable","12":"product-type-simple"},"_links":{"self":[{"href":"https:\/\/www.hapy-com.fr\/echoppe\/wp-json\/wp\/v2\/product\/26770","targetHints":{"allow":["GET"]}}],"collection":[{"href":"https:\/\/www.hapy-com.fr\/echoppe\/wp-json\/wp\/v2\/product"}],"about":[{"href":"https:\/\/www.hapy-com.fr\/echoppe\/wp-json\/wp\/v2\/types\/product"}],"wp:featuredmedia":[{"embeddable":true,"href":"https:\/\/www.hapy-com.fr\/echoppe\/wp-json\/wp\/v2\/media\/26769"}],"wp:attachment":[{"href":"https:\/\/www.hapy-com.fr\/echoppe\/wp-json\/wp\/v2\/media?parent=26770"}],"wp:term":[{"taxonomy":"product_cat","embeddable":true,"href":"https:\/\/www.hapy-com.fr\/echoppe\/wp-json\/wp\/v2\/product_cat?post=26770"},{"taxonomy":"product_tag","embeddable":true,"href":"https:\/\/www.hapy-com.fr\/echoppe\/wp-json\/wp\/v2\/product_tag?post=26770"}],"curies":[{"name":"wp","href":"https:\/\/api.w.org\/{rel}","templated":true}]}}