{"id":26805,"date":"2022-06-24T14:54:57","date_gmt":"2022-06-24T12:54:57","guid":{"rendered":"http:\/\/www.hapy-com.fr\/echoppe\/product\/tasse-colorful-5\/"},"modified":"2022-06-24T14:54:57","modified_gmt":"2022-06-24T12:54:57","slug":"tasse-colorful-5","status":"publish","type":"product","link":"https:\/\/www.hapy-com.fr\/echoppe\/product\/tasse-colorful-5\/","title":{"rendered":"Tasse Colorful"},"content":{"rendered":"<p>Mug en c\u00e9ramique de 350 ml au corps noir en ardoise pour \u00e9crire avec le haut de la tasse en couleurs attrayantes. Craie assortie incluse. Pr\u00e9sent\u00e9 en boite individuelle.<\/p>\n","protected":false},"excerpt":{"rendered":"<p>Mug en c\u00e9ramique de 350 ml au corps noir en ardoise pour \u00e9crire avec le haut de la tasse en couleurs attrayantes. Craie assortie incluse. Pr\u00e9sent\u00e9 en boite individuelle.<\/p>\n","protected":false},"featured_media":10540,"template":"","meta":[],"product_cat":[346],"product_tag":[],"class_list":{"0":"post-26805","1":"product","2":"type-product","3":"status-publish","4":"has-post-thumbnail","6":"product_cat-mugs","8":"first","9":"instock","10":"shipping-taxable","11":"purchasable","12":"product-type-simple"},"_links":{"self":[{"href":"https:\/\/www.hapy-com.fr\/echoppe\/wp-json\/wp\/v2\/product\/26805","targetHints":{"allow":["GET"]}}],"collection":[{"href":"https:\/\/www.hapy-com.fr\/echoppe\/wp-json\/wp\/v2\/product"}],"about":[{"href":"https:\/\/www.hapy-com.fr\/echoppe\/wp-json\/wp\/v2\/types\/product"}],"wp:featuredmedia":[{"embeddable":true,"href":"https:\/\/www.hapy-com.fr\/echoppe\/wp-json\/wp\/v2\/media\/10540"}],"wp:attachment":[{"href":"https:\/\/www.hapy-com.fr\/echoppe\/wp-json\/wp\/v2\/media?parent=26805"}],"wp:term":[{"taxonomy":"product_cat","embeddable":true,"href":"https:\/\/www.hapy-com.fr\/echoppe\/wp-json\/wp\/v2\/product_cat?post=26805"},{"taxonomy":"product_tag","embeddable":true,"href":"https:\/\/www.hapy-com.fr\/echoppe\/wp-json\/wp\/v2\/product_tag?post=26805"}],"curies":[{"name":"wp","href":"https:\/\/api.w.org\/{rel}","templated":true}]}}