{"id":26808,"date":"2022-06-24T14:54:59","date_gmt":"2022-06-24T12:54:59","guid":{"rendered":"http:\/\/www.hapy-com.fr\/echoppe\/product\/bidon-mento-3\/"},"modified":"2022-06-24T14:54:59","modified_gmt":"2022-06-24T12:54:59","slug":"bidon-mento-3","status":"publish","type":"product","link":"https:\/\/www.hapy-com.fr\/echoppe\/product\/bidon-mento-3\/","title":{"rendered":"Bidon Mento"},"content":{"rendered":"<p>Tambour de 400ml de capacit\u00e9 avec corps de finition en aluminium dans des couleurs vives et vari\u00e9es. Avec bouchon \u00e0 vis de s\u00e9curit\u00e9 et mousqueton de transport en m\u00e9tal. Pr\u00e9sent\u00e9 dans une bo\u00eete design attrayante.<\/p>\n","protected":false},"excerpt":{"rendered":"<p>Tambour de 400ml de capacit\u00e9 avec corps de finition en aluminium dans des couleurs vives et vari\u00e9es. Avec bouchon \u00e0 vis de s\u00e9curit\u00e9 et mousqueton de transport en m\u00e9tal. Pr\u00e9sent\u00e9&#8230;<\/p>\n","protected":false},"featured_media":26807,"template":"","meta":[],"product_cat":[346],"product_tag":[],"class_list":{"0":"post-26808","1":"product","2":"type-product","3":"status-publish","4":"has-post-thumbnail","6":"product_cat-mugs","8":"first","9":"instock","10":"shipping-taxable","11":"purchasable","12":"product-type-simple"},"_links":{"self":[{"href":"https:\/\/www.hapy-com.fr\/echoppe\/wp-json\/wp\/v2\/product\/26808","targetHints":{"allow":["GET"]}}],"collection":[{"href":"https:\/\/www.hapy-com.fr\/echoppe\/wp-json\/wp\/v2\/product"}],"about":[{"href":"https:\/\/www.hapy-com.fr\/echoppe\/wp-json\/wp\/v2\/types\/product"}],"wp:featuredmedia":[{"embeddable":true,"href":"https:\/\/www.hapy-com.fr\/echoppe\/wp-json\/wp\/v2\/media\/26807"}],"wp:attachment":[{"href":"https:\/\/www.hapy-com.fr\/echoppe\/wp-json\/wp\/v2\/media?parent=26808"}],"wp:term":[{"taxonomy":"product_cat","embeddable":true,"href":"https:\/\/www.hapy-com.fr\/echoppe\/wp-json\/wp\/v2\/product_cat?post=26808"},{"taxonomy":"product_tag","embeddable":true,"href":"https:\/\/www.hapy-com.fr\/echoppe\/wp-json\/wp\/v2\/product_tag?post=26808"}],"curies":[{"name":"wp","href":"https:\/\/api.w.org\/{rel}","templated":true}]}}