{"id":26829,"date":"2022-06-24T14:55:14","date_gmt":"2022-06-24T12:55:14","guid":{"rendered":"http:\/\/www.hapy-com.fr\/echoppe\/product\/bidon-boxter-6\/"},"modified":"2022-06-24T14:55:14","modified_gmt":"2022-06-24T12:55:14","slug":"bidon-boxter-6","status":"publish","type":"product","link":"https:\/\/www.hapy-com.fr\/echoppe\/product\/bidon-boxter-6\/","title":{"rendered":"Bidon Boxter"},"content":{"rendered":"<p>Gourde de 400 ml avec corps flexible aux coloris vifs. En PET, avec bouchon de s\u00e9curit\u00e9 \u00e0 vis et mousqueton m\u00e9tallique de transport assorti.<\/p>\n","protected":false},"excerpt":{"rendered":"<p>Gourde de 400 ml avec corps flexible aux coloris vifs. En PET, avec bouchon de s\u00e9curit\u00e9 \u00e0 vis et mousqueton m\u00e9tallique de transport assorti.<\/p>\n","protected":false},"featured_media":26828,"template":"","meta":[],"product_cat":[346],"product_tag":[],"class_list":{"0":"post-26829","1":"product","2":"type-product","3":"status-publish","4":"has-post-thumbnail","6":"product_cat-mugs","8":"first","9":"instock","10":"shipping-taxable","11":"purchasable","12":"product-type-simple"},"_links":{"self":[{"href":"https:\/\/www.hapy-com.fr\/echoppe\/wp-json\/wp\/v2\/product\/26829","targetHints":{"allow":["GET"]}}],"collection":[{"href":"https:\/\/www.hapy-com.fr\/echoppe\/wp-json\/wp\/v2\/product"}],"about":[{"href":"https:\/\/www.hapy-com.fr\/echoppe\/wp-json\/wp\/v2\/types\/product"}],"wp:featuredmedia":[{"embeddable":true,"href":"https:\/\/www.hapy-com.fr\/echoppe\/wp-json\/wp\/v2\/media\/26828"}],"wp:attachment":[{"href":"https:\/\/www.hapy-com.fr\/echoppe\/wp-json\/wp\/v2\/media?parent=26829"}],"wp:term":[{"taxonomy":"product_cat","embeddable":true,"href":"https:\/\/www.hapy-com.fr\/echoppe\/wp-json\/wp\/v2\/product_cat?post=26829"},{"taxonomy":"product_tag","embeddable":true,"href":"https:\/\/www.hapy-com.fr\/echoppe\/wp-json\/wp\/v2\/product_tag?post=26829"}],"curies":[{"name":"wp","href":"https:\/\/api.w.org\/{rel}","templated":true}]}}