{"id":26834,"date":"2022-06-24T14:55:17","date_gmt":"2022-06-24T12:55:17","guid":{"rendered":"http:\/\/www.hapy-com.fr\/echoppe\/product\/tasse-shana-2\/"},"modified":"2022-06-24T14:55:17","modified_gmt":"2022-06-24T12:55:17","slug":"tasse-shana-2","status":"publish","type":"product","link":"https:\/\/www.hapy-com.fr\/echoppe\/product\/tasse-shana-2\/","title":{"rendered":"Tasse Shana"},"content":{"rendered":"<p>Tasse PP de 450ml avec capacit\u00e9 de corps dans la gamme vari\u00e9e des couleurs vives et des accessoires noirs. Avec couvercle de dosage et pr\u00e9sent\u00e9 dans la bo\u00eete individuelle. Recommand\u00e9 pour une utilisation de bureau.<\/p>\n","protected":false},"excerpt":{"rendered":"<p>Tasse PP de 450ml avec capacit\u00e9 de corps dans la gamme vari\u00e9e des couleurs vives et des accessoires noirs. Avec couvercle de dosage et pr\u00e9sent\u00e9 dans la bo\u00eete individuelle. Recommand\u00e9&#8230;<\/p>\n","protected":false},"featured_media":10547,"template":"","meta":[],"product_cat":[346],"product_tag":[],"class_list":{"0":"post-26834","1":"product","2":"type-product","3":"status-publish","4":"has-post-thumbnail","6":"product_cat-mugs","8":"first","9":"instock","10":"shipping-taxable","11":"purchasable","12":"product-type-simple"},"_links":{"self":[{"href":"https:\/\/www.hapy-com.fr\/echoppe\/wp-json\/wp\/v2\/product\/26834","targetHints":{"allow":["GET"]}}],"collection":[{"href":"https:\/\/www.hapy-com.fr\/echoppe\/wp-json\/wp\/v2\/product"}],"about":[{"href":"https:\/\/www.hapy-com.fr\/echoppe\/wp-json\/wp\/v2\/types\/product"}],"wp:featuredmedia":[{"embeddable":true,"href":"https:\/\/www.hapy-com.fr\/echoppe\/wp-json\/wp\/v2\/media\/10547"}],"wp:attachment":[{"href":"https:\/\/www.hapy-com.fr\/echoppe\/wp-json\/wp\/v2\/media?parent=26834"}],"wp:term":[{"taxonomy":"product_cat","embeddable":true,"href":"https:\/\/www.hapy-com.fr\/echoppe\/wp-json\/wp\/v2\/product_cat?post=26834"},{"taxonomy":"product_tag","embeddable":true,"href":"https:\/\/www.hapy-com.fr\/echoppe\/wp-json\/wp\/v2\/product_tag?post=26834"}],"curies":[{"name":"wp","href":"https:\/\/api.w.org\/{rel}","templated":true}]}}