{"id":26842,"date":"2022-06-24T14:55:21","date_gmt":"2022-06-24T12:55:21","guid":{"rendered":"http:\/\/www.hapy-com.fr\/echoppe\/product\/bidon-iskan-2\/"},"modified":"2022-06-24T14:55:21","modified_gmt":"2022-06-24T12:55:21","slug":"bidon-iskan-2","status":"publish","type":"product","link":"https:\/\/www.hapy-com.fr\/echoppe\/product\/bidon-iskan-2\/","title":{"rendered":"Bidon Iskan"},"content":{"rendered":"<p>Gourde de 500 ml avec corps ergonomique en PE propos\u00e9 en coloris vifs et vari\u00e9s. Avec bouchon \u00e0 vis et doseur de s\u00e9curit\u00e9<\/p>\n","protected":false},"excerpt":{"rendered":"<p>Gourde de 500 ml avec corps ergonomique en PE propos\u00e9 en coloris vifs et vari\u00e9s. Avec bouchon \u00e0 vis et doseur de s\u00e9curit\u00e9<\/p>\n","protected":false},"featured_media":10558,"template":"","meta":[],"product_cat":[346],"product_tag":[],"class_list":{"0":"post-26842","1":"product","2":"type-product","3":"status-publish","4":"has-post-thumbnail","6":"product_cat-mugs","8":"first","9":"instock","10":"shipping-taxable","11":"purchasable","12":"product-type-simple"},"_links":{"self":[{"href":"https:\/\/www.hapy-com.fr\/echoppe\/wp-json\/wp\/v2\/product\/26842","targetHints":{"allow":["GET"]}}],"collection":[{"href":"https:\/\/www.hapy-com.fr\/echoppe\/wp-json\/wp\/v2\/product"}],"about":[{"href":"https:\/\/www.hapy-com.fr\/echoppe\/wp-json\/wp\/v2\/types\/product"}],"wp:featuredmedia":[{"embeddable":true,"href":"https:\/\/www.hapy-com.fr\/echoppe\/wp-json\/wp\/v2\/media\/10558"}],"wp:attachment":[{"href":"https:\/\/www.hapy-com.fr\/echoppe\/wp-json\/wp\/v2\/media?parent=26842"}],"wp:term":[{"taxonomy":"product_cat","embeddable":true,"href":"https:\/\/www.hapy-com.fr\/echoppe\/wp-json\/wp\/v2\/product_cat?post=26842"},{"taxonomy":"product_tag","embeddable":true,"href":"https:\/\/www.hapy-com.fr\/echoppe\/wp-json\/wp\/v2\/product_tag?post=26842"}],"curies":[{"name":"wp","href":"https:\/\/api.w.org\/{rel}","templated":true}]}}