{"id":26863,"date":"2022-06-24T14:55:38","date_gmt":"2022-06-24T12:55:38","guid":{"rendered":"http:\/\/www.hapy-com.fr\/echoppe\/product\/tasse-sublimation-harnet-5\/"},"modified":"2022-06-24T14:55:38","modified_gmt":"2022-06-24T12:55:38","slug":"tasse-sublimation-harnet-5","status":"publish","type":"product","link":"https:\/\/www.hapy-com.fr\/echoppe\/product\/tasse-sublimation-harnet-5\/","title":{"rendered":"Tasse Sublimation Harnet"},"content":{"rendered":"<p>Mug en c\u00e9ramique de 350 ml, exterieur blanc et int\u00e9rieur disponible en plusieurs coloris vifs. Id\u00e9al pour le marquage en sublimation. Pr\u00e9sent\u00e9 sous boite individuelle.<\/p>\n","protected":false},"excerpt":{"rendered":"<p>Mug en c\u00e9ramique de 350 ml, exterieur blanc et int\u00e9rieur disponible en plusieurs coloris vifs. Id\u00e9al pour le marquage en sublimation. Pr\u00e9sent\u00e9 sous boite individuelle.<\/p>\n","protected":false},"featured_media":26862,"template":"","meta":[],"product_cat":[346],"product_tag":[],"class_list":{"0":"post-26863","1":"product","2":"type-product","3":"status-publish","4":"has-post-thumbnail","6":"product_cat-mugs","8":"first","9":"instock","10":"shipping-taxable","11":"purchasable","12":"product-type-simple"},"_links":{"self":[{"href":"https:\/\/www.hapy-com.fr\/echoppe\/wp-json\/wp\/v2\/product\/26863","targetHints":{"allow":["GET"]}}],"collection":[{"href":"https:\/\/www.hapy-com.fr\/echoppe\/wp-json\/wp\/v2\/product"}],"about":[{"href":"https:\/\/www.hapy-com.fr\/echoppe\/wp-json\/wp\/v2\/types\/product"}],"wp:featuredmedia":[{"embeddable":true,"href":"https:\/\/www.hapy-com.fr\/echoppe\/wp-json\/wp\/v2\/media\/26862"}],"wp:attachment":[{"href":"https:\/\/www.hapy-com.fr\/echoppe\/wp-json\/wp\/v2\/media?parent=26863"}],"wp:term":[{"taxonomy":"product_cat","embeddable":true,"href":"https:\/\/www.hapy-com.fr\/echoppe\/wp-json\/wp\/v2\/product_cat?post=26863"},{"taxonomy":"product_tag","embeddable":true,"href":"https:\/\/www.hapy-com.fr\/echoppe\/wp-json\/wp\/v2\/product_tag?post=26863"}],"curies":[{"name":"wp","href":"https:\/\/api.w.org\/{rel}","templated":true}]}}