{"id":26872,"date":"2022-06-24T14:55:48","date_gmt":"2022-06-24T12:55:48","guid":{"rendered":"http:\/\/www.hapy-com.fr\/echoppe\/product\/tasse-zifor-4\/"},"modified":"2022-06-24T14:55:48","modified_gmt":"2022-06-24T12:55:48","slug":"tasse-zifor-4","status":"publish","type":"product","link":"https:\/\/www.hapy-com.fr\/echoppe\/product\/tasse-zifor-4\/","title":{"rendered":"Tasse Zifor"},"content":{"rendered":"<p>Mug en c\u00e9ramique de 370 ml propos\u00e9e dans une large gamme  de couleurs attrayantes. Pr\u00e9sent\u00e9 en boite individuelle.<\/p>\n","protected":false},"excerpt":{"rendered":"<p>Mug en c\u00e9ramique de 370 ml propos\u00e9e dans une large gamme de couleurs attrayantes. Pr\u00e9sent\u00e9 en boite individuelle.<\/p>\n","protected":false},"featured_media":26871,"template":"","meta":[],"product_cat":[346],"product_tag":[],"class_list":{"0":"post-26872","1":"product","2":"type-product","3":"status-publish","4":"has-post-thumbnail","6":"product_cat-mugs","8":"first","9":"instock","10":"shipping-taxable","11":"purchasable","12":"product-type-simple"},"_links":{"self":[{"href":"https:\/\/www.hapy-com.fr\/echoppe\/wp-json\/wp\/v2\/product\/26872","targetHints":{"allow":["GET"]}}],"collection":[{"href":"https:\/\/www.hapy-com.fr\/echoppe\/wp-json\/wp\/v2\/product"}],"about":[{"href":"https:\/\/www.hapy-com.fr\/echoppe\/wp-json\/wp\/v2\/types\/product"}],"wp:featuredmedia":[{"embeddable":true,"href":"https:\/\/www.hapy-com.fr\/echoppe\/wp-json\/wp\/v2\/media\/26871"}],"wp:attachment":[{"href":"https:\/\/www.hapy-com.fr\/echoppe\/wp-json\/wp\/v2\/media?parent=26872"}],"wp:term":[{"taxonomy":"product_cat","embeddable":true,"href":"https:\/\/www.hapy-com.fr\/echoppe\/wp-json\/wp\/v2\/product_cat?post=26872"},{"taxonomy":"product_tag","embeddable":true,"href":"https:\/\/www.hapy-com.fr\/echoppe\/wp-json\/wp\/v2\/product_tag?post=26872"}],"curies":[{"name":"wp","href":"https:\/\/api.w.org\/{rel}","templated":true}]}}