{"id":26880,"date":"2022-06-24T14:55:53","date_gmt":"2022-06-24T12:55:53","guid":{"rendered":"http:\/\/www.hapy-com.fr\/echoppe\/product\/bidon-bore-3\/"},"modified":"2022-06-24T14:55:53","modified_gmt":"2022-06-24T12:55:53","slug":"bidon-bore-3","status":"publish","type":"product","link":"https:\/\/www.hapy-com.fr\/echoppe\/product\/bidon-bore-3\/","title":{"rendered":"Bidon Bore"},"content":{"rendered":"<p>Gourde de 600ml avec corps transparent en polystyr\u00e8ne. Doseur s\u00e9curit\u00e9 et bouchon \u00e0 vis avec accessoire r\u00e9frig\u00e9rant. Coloris vifs.<\/p>\n","protected":false},"excerpt":{"rendered":"<p>Gourde de 600ml avec corps transparent en polystyr\u00e8ne. Doseur s\u00e9curit\u00e9 et bouchon \u00e0 vis avec accessoire r\u00e9frig\u00e9rant. Coloris vifs.<\/p>\n","protected":false},"featured_media":26879,"template":"","meta":[],"product_cat":[346],"product_tag":[],"class_list":{"0":"post-26880","1":"product","2":"type-product","3":"status-publish","4":"has-post-thumbnail","6":"product_cat-mugs","8":"first","9":"instock","10":"shipping-taxable","11":"purchasable","12":"product-type-simple"},"_links":{"self":[{"href":"https:\/\/www.hapy-com.fr\/echoppe\/wp-json\/wp\/v2\/product\/26880","targetHints":{"allow":["GET"]}}],"collection":[{"href":"https:\/\/www.hapy-com.fr\/echoppe\/wp-json\/wp\/v2\/product"}],"about":[{"href":"https:\/\/www.hapy-com.fr\/echoppe\/wp-json\/wp\/v2\/types\/product"}],"wp:featuredmedia":[{"embeddable":true,"href":"https:\/\/www.hapy-com.fr\/echoppe\/wp-json\/wp\/v2\/media\/26879"}],"wp:attachment":[{"href":"https:\/\/www.hapy-com.fr\/echoppe\/wp-json\/wp\/v2\/media?parent=26880"}],"wp:term":[{"taxonomy":"product_cat","embeddable":true,"href":"https:\/\/www.hapy-com.fr\/echoppe\/wp-json\/wp\/v2\/product_cat?post=26880"},{"taxonomy":"product_tag","embeddable":true,"href":"https:\/\/www.hapy-com.fr\/echoppe\/wp-json\/wp\/v2\/product_tag?post=26880"}],"curies":[{"name":"wp","href":"https:\/\/api.w.org\/{rel}","templated":true}]}}