{"id":26885,"date":"2022-06-24T14:55:56","date_gmt":"2022-06-24T12:55:56","guid":{"rendered":"http:\/\/www.hapy-com.fr\/echoppe\/product\/tasse-shary-4\/"},"modified":"2022-06-24T14:55:56","modified_gmt":"2022-06-24T12:55:56","slug":"tasse-shary-4","status":"publish","type":"product","link":"https:\/\/www.hapy-com.fr\/echoppe\/product\/tasse-shary-4\/","title":{"rendered":"Tasse Shary"},"content":{"rendered":"<p>Tasse en acier inoxydable de 450ml en combinaison avec des d\u00e9tails aux couleurs vives. Avec couvercle de dosage et pr\u00e9sent\u00e9 dans la bo\u00eete individuelle.<\/p>\n","protected":false},"excerpt":{"rendered":"<p>Tasse en acier inoxydable de 450ml en combinaison avec des d\u00e9tails aux couleurs vives. Avec couvercle de dosage et pr\u00e9sent\u00e9 dans la bo\u00eete individuelle.<\/p>\n","protected":false},"featured_media":10569,"template":"","meta":[],"product_cat":[346],"product_tag":[],"class_list":{"0":"post-26885","1":"product","2":"type-product","3":"status-publish","4":"has-post-thumbnail","6":"product_cat-mugs","8":"first","9":"instock","10":"shipping-taxable","11":"purchasable","12":"product-type-simple"},"_links":{"self":[{"href":"https:\/\/www.hapy-com.fr\/echoppe\/wp-json\/wp\/v2\/product\/26885","targetHints":{"allow":["GET"]}}],"collection":[{"href":"https:\/\/www.hapy-com.fr\/echoppe\/wp-json\/wp\/v2\/product"}],"about":[{"href":"https:\/\/www.hapy-com.fr\/echoppe\/wp-json\/wp\/v2\/types\/product"}],"wp:featuredmedia":[{"embeddable":true,"href":"https:\/\/www.hapy-com.fr\/echoppe\/wp-json\/wp\/v2\/media\/10569"}],"wp:attachment":[{"href":"https:\/\/www.hapy-com.fr\/echoppe\/wp-json\/wp\/v2\/media?parent=26885"}],"wp:term":[{"taxonomy":"product_cat","embeddable":true,"href":"https:\/\/www.hapy-com.fr\/echoppe\/wp-json\/wp\/v2\/product_cat?post=26885"},{"taxonomy":"product_tag","embeddable":true,"href":"https:\/\/www.hapy-com.fr\/echoppe\/wp-json\/wp\/v2\/product_tag?post=26885"}],"curies":[{"name":"wp","href":"https:\/\/api.w.org\/{rel}","templated":true}]}}