{"id":26897,"date":"2022-06-24T14:56:03","date_gmt":"2022-06-24T12:56:03","guid":{"rendered":"http:\/\/www.hapy-com.fr\/echoppe\/product\/verre-zicox-2\/"},"modified":"2022-06-24T14:56:03","modified_gmt":"2022-06-24T12:56:03","slug":"verre-zicox-2","status":"publish","type":"product","link":"https:\/\/www.hapy-com.fr\/echoppe\/product\/verre-zicox-2\/","title":{"rendered":"Verre Zicox"},"content":{"rendered":"<p>Mug de voyage en acier inoxydable, capacit\u00e9 de 400 ml avec corps m\u00e9tallique blanc, combin\u00e9 avec des accessoires dans des couleurs vives. Avec bouchon doseur de s\u00e9curit\u00e9. Pr\u00e9sent\u00e9 en bo\u00eete individuelle.<\/p>\n","protected":false},"excerpt":{"rendered":"<p>Mug de voyage en acier inoxydable, capacit\u00e9 de 400 ml avec corps m\u00e9tallique blanc, combin\u00e9 avec des accessoires dans des couleurs vives. Avec bouchon doseur de s\u00e9curit\u00e9. Pr\u00e9sent\u00e9 en bo\u00eete&#8230;<\/p>\n","protected":false},"featured_media":10580,"template":"","meta":[],"product_cat":[346],"product_tag":[],"class_list":{"0":"post-26897","1":"product","2":"type-product","3":"status-publish","4":"has-post-thumbnail","6":"product_cat-mugs","8":"first","9":"instock","10":"shipping-taxable","11":"purchasable","12":"product-type-simple"},"_links":{"self":[{"href":"https:\/\/www.hapy-com.fr\/echoppe\/wp-json\/wp\/v2\/product\/26897","targetHints":{"allow":["GET"]}}],"collection":[{"href":"https:\/\/www.hapy-com.fr\/echoppe\/wp-json\/wp\/v2\/product"}],"about":[{"href":"https:\/\/www.hapy-com.fr\/echoppe\/wp-json\/wp\/v2\/types\/product"}],"wp:featuredmedia":[{"embeddable":true,"href":"https:\/\/www.hapy-com.fr\/echoppe\/wp-json\/wp\/v2\/media\/10580"}],"wp:attachment":[{"href":"https:\/\/www.hapy-com.fr\/echoppe\/wp-json\/wp\/v2\/media?parent=26897"}],"wp:term":[{"taxonomy":"product_cat","embeddable":true,"href":"https:\/\/www.hapy-com.fr\/echoppe\/wp-json\/wp\/v2\/product_cat?post=26897"},{"taxonomy":"product_tag","embeddable":true,"href":"https:\/\/www.hapy-com.fr\/echoppe\/wp-json\/wp\/v2\/product_tag?post=26897"}],"curies":[{"name":"wp","href":"https:\/\/api.w.org\/{rel}","templated":true}]}}