{"id":26907,"date":"2022-06-24T14:56:10","date_gmt":"2022-06-24T12:56:10","guid":{"rendered":"http:\/\/www.hapy-com.fr\/echoppe\/product\/tasse-bastic-3\/"},"modified":"2022-06-24T14:56:10","modified_gmt":"2022-06-24T12:56:10","slug":"tasse-bastic-3","status":"publish","type":"product","link":"https:\/\/www.hapy-com.fr\/echoppe\/product\/tasse-bastic-3\/","title":{"rendered":"Tasse Bastic"},"content":{"rendered":"<p>Mug en acier inoxydable d\u00b4une capacit\u00e9 de 210 ml avec corps brillant et mousqueton original pour le transport. Couleurs vives. Pr\u00e9sent\u00e9 en bo\u00eete individuelle.<\/p>\n","protected":false},"excerpt":{"rendered":"<p>Mug en acier inoxydable d\u00b4une capacit\u00e9 de 210 ml avec corps brillant et mousqueton original pour le transport. Couleurs vives. Pr\u00e9sent\u00e9 en bo\u00eete individuelle.<\/p>\n","protected":false},"featured_media":26906,"template":"","meta":[],"product_cat":[346],"product_tag":[],"class_list":{"0":"post-26907","1":"product","2":"type-product","3":"status-publish","4":"has-post-thumbnail","6":"product_cat-mugs","8":"first","9":"instock","10":"shipping-taxable","11":"purchasable","12":"product-type-simple"},"_links":{"self":[{"href":"https:\/\/www.hapy-com.fr\/echoppe\/wp-json\/wp\/v2\/product\/26907","targetHints":{"allow":["GET"]}}],"collection":[{"href":"https:\/\/www.hapy-com.fr\/echoppe\/wp-json\/wp\/v2\/product"}],"about":[{"href":"https:\/\/www.hapy-com.fr\/echoppe\/wp-json\/wp\/v2\/types\/product"}],"wp:featuredmedia":[{"embeddable":true,"href":"https:\/\/www.hapy-com.fr\/echoppe\/wp-json\/wp\/v2\/media\/26906"}],"wp:attachment":[{"href":"https:\/\/www.hapy-com.fr\/echoppe\/wp-json\/wp\/v2\/media?parent=26907"}],"wp:term":[{"taxonomy":"product_cat","embeddable":true,"href":"https:\/\/www.hapy-com.fr\/echoppe\/wp-json\/wp\/v2\/product_cat?post=26907"},{"taxonomy":"product_tag","embeddable":true,"href":"https:\/\/www.hapy-com.fr\/echoppe\/wp-json\/wp\/v2\/product_tag?post=26907"}],"curies":[{"name":"wp","href":"https:\/\/api.w.org\/{rel}","templated":true}]}}