{"id":26920,"date":"2022-06-24T14:56:33","date_gmt":"2022-06-24T12:56:33","guid":{"rendered":"http:\/\/www.hapy-com.fr\/echoppe\/product\/bidon-bravux-6\/"},"modified":"2022-06-24T14:56:33","modified_gmt":"2022-06-24T12:56:33","slug":"bidon-bravux-6","status":"publish","type":"product","link":"https:\/\/www.hapy-com.fr\/echoppe\/product\/bidon-bravux-6\/","title":{"rendered":"Bidon Bravux"},"content":{"rendered":"<p>Gourde \u00e0 compartiments multiples d\u00b4une capacit\u00e9 de 700 ml avec corps en PP aux couleurs vives et au design ing\u00e9nieux. Avec bouchon \u00e0 vis et bouchon avec doseur de s\u00e9curit\u00e9. Mousqueton de transport m\u00e9tallique.<\/p>\n","protected":false},"excerpt":{"rendered":"<p>Gourde \u00e0 compartiments multiples d\u00b4une capacit\u00e9 de 700 ml avec corps en PP aux couleurs vives et au design ing\u00e9nieux. Avec bouchon \u00e0 vis et bouchon avec doseur de s\u00e9curit\u00e9&#8230;.<\/p>\n","protected":false},"featured_media":26919,"template":"","meta":[],"product_cat":[346],"product_tag":[],"class_list":{"0":"post-26920","1":"product","2":"type-product","3":"status-publish","4":"has-post-thumbnail","6":"product_cat-mugs","8":"first","9":"instock","10":"shipping-taxable","11":"purchasable","12":"product-type-simple"},"_links":{"self":[{"href":"https:\/\/www.hapy-com.fr\/echoppe\/wp-json\/wp\/v2\/product\/26920","targetHints":{"allow":["GET"]}}],"collection":[{"href":"https:\/\/www.hapy-com.fr\/echoppe\/wp-json\/wp\/v2\/product"}],"about":[{"href":"https:\/\/www.hapy-com.fr\/echoppe\/wp-json\/wp\/v2\/types\/product"}],"wp:featuredmedia":[{"embeddable":true,"href":"https:\/\/www.hapy-com.fr\/echoppe\/wp-json\/wp\/v2\/media\/26919"}],"wp:attachment":[{"href":"https:\/\/www.hapy-com.fr\/echoppe\/wp-json\/wp\/v2\/media?parent=26920"}],"wp:term":[{"taxonomy":"product_cat","embeddable":true,"href":"https:\/\/www.hapy-com.fr\/echoppe\/wp-json\/wp\/v2\/product_cat?post=26920"},{"taxonomy":"product_tag","embeddable":true,"href":"https:\/\/www.hapy-com.fr\/echoppe\/wp-json\/wp\/v2\/product_tag?post=26920"}],"curies":[{"name":"wp","href":"https:\/\/api.w.org\/{rel}","templated":true}]}}