{"id":26928,"date":"2022-06-24T14:56:38","date_gmt":"2022-06-24T12:56:38","guid":{"rendered":"http:\/\/www.hapy-com.fr\/echoppe\/product\/bidon-pliable-luns-6\/"},"modified":"2022-06-24T14:56:38","modified_gmt":"2022-06-24T12:56:38","slug":"bidon-pliable-luns-6","status":"publish","type":"product","link":"https:\/\/www.hapy-com.fr\/echoppe\/product\/bidon-pliable-luns-6\/","title":{"rendered":"Bidon Pliable Luns"},"content":{"rendered":"<p>Gourde pliable d\u00b4une capacit\u00e9 de  570ml avec corps ergonomique en PE de couleurs vives et vari\u00e9es. Dispositif doseur de s\u00e9curit\u00e9 avec fermeture \u00e0 capuchon et mousqueton m\u00e9tallique de transport.<\/p>\n","protected":false},"excerpt":{"rendered":"<p>Gourde pliable d\u00b4une capacit\u00e9 de 570ml avec corps ergonomique en PE de couleurs vives et vari\u00e9es. Dispositif doseur de s\u00e9curit\u00e9 avec fermeture \u00e0 capuchon et mousqueton m\u00e9tallique de transport.<\/p>\n","protected":false},"featured_media":26927,"template":"","meta":[],"product_cat":[346],"product_tag":[],"class_list":{"0":"post-26928","1":"product","2":"type-product","3":"status-publish","4":"has-post-thumbnail","6":"product_cat-mugs","8":"first","9":"instock","10":"shipping-taxable","11":"purchasable","12":"product-type-simple"},"_links":{"self":[{"href":"https:\/\/www.hapy-com.fr\/echoppe\/wp-json\/wp\/v2\/product\/26928","targetHints":{"allow":["GET"]}}],"collection":[{"href":"https:\/\/www.hapy-com.fr\/echoppe\/wp-json\/wp\/v2\/product"}],"about":[{"href":"https:\/\/www.hapy-com.fr\/echoppe\/wp-json\/wp\/v2\/types\/product"}],"wp:featuredmedia":[{"embeddable":true,"href":"https:\/\/www.hapy-com.fr\/echoppe\/wp-json\/wp\/v2\/media\/26927"}],"wp:attachment":[{"href":"https:\/\/www.hapy-com.fr\/echoppe\/wp-json\/wp\/v2\/media?parent=26928"}],"wp:term":[{"taxonomy":"product_cat","embeddable":true,"href":"https:\/\/www.hapy-com.fr\/echoppe\/wp-json\/wp\/v2\/product_cat?post=26928"},{"taxonomy":"product_tag","embeddable":true,"href":"https:\/\/www.hapy-com.fr\/echoppe\/wp-json\/wp\/v2\/product_tag?post=26928"}],"curies":[{"name":"wp","href":"https:\/\/api.w.org\/{rel}","templated":true}]}}