{"id":26944,"date":"2022-06-24T14:56:50","date_gmt":"2022-06-24T12:56:50","guid":{"rendered":"http:\/\/www.hapy-com.fr\/echoppe\/product\/tasse-yozax-4\/"},"modified":"2022-06-24T14:56:50","modified_gmt":"2022-06-24T12:56:50","slug":"tasse-yozax-4","status":"publish","type":"product","link":"https:\/\/www.hapy-com.fr\/echoppe\/product\/tasse-yozax-4\/","title":{"rendered":"Tasse Yozax"},"content":{"rendered":"<p>Tasse en acier inoxydable d\u00b4une capacit\u00e9 de 280 ml au design bicolore original. Avec une finition brillante en couleurs vives et pr\u00e9sent\u00e9e dans une bo\u00eete individuelle.<\/p>\n","protected":false},"excerpt":{"rendered":"<p>Tasse en acier inoxydable d\u00b4une capacit\u00e9 de 280 ml au design bicolore original. Avec une finition brillante en couleurs vives et pr\u00e9sent\u00e9e dans une bo\u00eete individuelle.<\/p>\n","protected":false},"featured_media":26943,"template":"","meta":[],"product_cat":[346],"product_tag":[],"class_list":{"0":"post-26944","1":"product","2":"type-product","3":"status-publish","4":"has-post-thumbnail","6":"product_cat-mugs","8":"first","9":"instock","10":"shipping-taxable","11":"purchasable","12":"product-type-simple"},"_links":{"self":[{"href":"https:\/\/www.hapy-com.fr\/echoppe\/wp-json\/wp\/v2\/product\/26944","targetHints":{"allow":["GET"]}}],"collection":[{"href":"https:\/\/www.hapy-com.fr\/echoppe\/wp-json\/wp\/v2\/product"}],"about":[{"href":"https:\/\/www.hapy-com.fr\/echoppe\/wp-json\/wp\/v2\/types\/product"}],"wp:featuredmedia":[{"embeddable":true,"href":"https:\/\/www.hapy-com.fr\/echoppe\/wp-json\/wp\/v2\/media\/26943"}],"wp:attachment":[{"href":"https:\/\/www.hapy-com.fr\/echoppe\/wp-json\/wp\/v2\/media?parent=26944"}],"wp:term":[{"taxonomy":"product_cat","embeddable":true,"href":"https:\/\/www.hapy-com.fr\/echoppe\/wp-json\/wp\/v2\/product_cat?post=26944"},{"taxonomy":"product_tag","embeddable":true,"href":"https:\/\/www.hapy-com.fr\/echoppe\/wp-json\/wp\/v2\/product_tag?post=26944"}],"curies":[{"name":"wp","href":"https:\/\/api.w.org\/{rel}","templated":true}]}}