{"id":27002,"date":"2022-06-24T14:57:32","date_gmt":"2022-06-24T12:57:32","guid":{"rendered":"http:\/\/www.hapy-com.fr\/echoppe\/product\/tasse-plesik-4\/"},"modified":"2022-06-24T14:57:32","modified_gmt":"2022-06-24T12:57:32","slug":"tasse-plesik-4","status":"publish","type":"product","link":"https:\/\/www.hapy-com.fr\/echoppe\/product\/tasse-plesik-4\/","title":{"rendered":"Tasse Plesik"},"content":{"rendered":"<p>Mug en c\u00e9ramique de 350 ml. M\u00e9lange amusant de coloris ext\u00e9rieur et int\u00e9rieur blanc avec anse dans une vari\u00e9t\u00e9 de couleurs \u00e9clatantes. Pr\u00e9sent\u00e9 en bo\u00eete individuelle.<\/p>\n","protected":false},"excerpt":{"rendered":"<p>Mug en c\u00e9ramique de 350 ml. M\u00e9lange amusant de coloris ext\u00e9rieur et int\u00e9rieur blanc avec anse dans une vari\u00e9t\u00e9 de couleurs \u00e9clatantes. Pr\u00e9sent\u00e9 en bo\u00eete individuelle.<\/p>\n","protected":false},"featured_media":27001,"template":"","meta":[],"product_cat":[346],"product_tag":[],"class_list":{"0":"post-27002","1":"product","2":"type-product","3":"status-publish","4":"has-post-thumbnail","6":"product_cat-mugs","8":"first","9":"instock","10":"shipping-taxable","11":"purchasable","12":"product-type-simple"},"_links":{"self":[{"href":"https:\/\/www.hapy-com.fr\/echoppe\/wp-json\/wp\/v2\/product\/27002","targetHints":{"allow":["GET"]}}],"collection":[{"href":"https:\/\/www.hapy-com.fr\/echoppe\/wp-json\/wp\/v2\/product"}],"about":[{"href":"https:\/\/www.hapy-com.fr\/echoppe\/wp-json\/wp\/v2\/types\/product"}],"wp:featuredmedia":[{"embeddable":true,"href":"https:\/\/www.hapy-com.fr\/echoppe\/wp-json\/wp\/v2\/media\/27001"}],"wp:attachment":[{"href":"https:\/\/www.hapy-com.fr\/echoppe\/wp-json\/wp\/v2\/media?parent=27002"}],"wp:term":[{"taxonomy":"product_cat","embeddable":true,"href":"https:\/\/www.hapy-com.fr\/echoppe\/wp-json\/wp\/v2\/product_cat?post=27002"},{"taxonomy":"product_tag","embeddable":true,"href":"https:\/\/www.hapy-com.fr\/echoppe\/wp-json\/wp\/v2\/product_tag?post=27002"}],"curies":[{"name":"wp","href":"https:\/\/api.w.org\/{rel}","templated":true}]}}