{"id":27008,"date":"2022-06-24T14:57:35","date_gmt":"2022-06-24T12:57:35","guid":{"rendered":"http:\/\/www.hapy-com.fr\/echoppe\/product\/tasse-passak-2\/"},"modified":"2022-06-24T14:57:35","modified_gmt":"2022-06-24T12:57:35","slug":"tasse-passak-2","status":"publish","type":"product","link":"https:\/\/www.hapy-com.fr\/echoppe\/product\/tasse-passak-2\/","title":{"rendered":"Tasse Passak"},"content":{"rendered":"<p>Mug en c\u00e9ramique de 380 ml propos\u00e9 dans une large gamme amusante de couleurs \u00e9clatantes. Couvercle sp\u00e9cialement con\u00e7u pour servir de support pour les sachets de th\u00e9. Pr\u00e9sent\u00e9 en bo\u00eete individuelle.<\/p>\n","protected":false},"excerpt":{"rendered":"<p>Mug en c\u00e9ramique de 380 ml propos\u00e9 dans une large gamme amusante de couleurs \u00e9clatantes. Couvercle sp\u00e9cialement con\u00e7u pour servir de support pour les sachets de th\u00e9. Pr\u00e9sent\u00e9 en bo\u00eete&#8230;<\/p>\n","protected":false},"featured_media":10612,"template":"","meta":[],"product_cat":[346],"product_tag":[],"class_list":{"0":"post-27008","1":"product","2":"type-product","3":"status-publish","4":"has-post-thumbnail","6":"product_cat-mugs","8":"first","9":"instock","10":"shipping-taxable","11":"purchasable","12":"product-type-simple"},"_links":{"self":[{"href":"https:\/\/www.hapy-com.fr\/echoppe\/wp-json\/wp\/v2\/product\/27008","targetHints":{"allow":["GET"]}}],"collection":[{"href":"https:\/\/www.hapy-com.fr\/echoppe\/wp-json\/wp\/v2\/product"}],"about":[{"href":"https:\/\/www.hapy-com.fr\/echoppe\/wp-json\/wp\/v2\/types\/product"}],"wp:featuredmedia":[{"embeddable":true,"href":"https:\/\/www.hapy-com.fr\/echoppe\/wp-json\/wp\/v2\/media\/10612"}],"wp:attachment":[{"href":"https:\/\/www.hapy-com.fr\/echoppe\/wp-json\/wp\/v2\/media?parent=27008"}],"wp:term":[{"taxonomy":"product_cat","embeddable":true,"href":"https:\/\/www.hapy-com.fr\/echoppe\/wp-json\/wp\/v2\/product_cat?post=27008"},{"taxonomy":"product_tag","embeddable":true,"href":"https:\/\/www.hapy-com.fr\/echoppe\/wp-json\/wp\/v2\/product_tag?post=27008"}],"curies":[{"name":"wp","href":"https:\/\/api.w.org\/{rel}","templated":true}]}}