{"id":27034,"date":"2022-06-24T14:57:53","date_gmt":"2022-06-24T12:57:53","guid":{"rendered":"http:\/\/www.hapy-com.fr\/echoppe\/product\/pot-sirex-6\/"},"modified":"2022-06-24T14:57:53","modified_gmt":"2022-06-24T12:57:53","slug":"pot-sirex-6","status":"publish","type":"product","link":"https:\/\/www.hapy-com.fr\/echoppe\/product\/pot-sirex-6\/","title":{"rendered":"Pot Sirex"},"content":{"rendered":"<p>Pot amusant en PS d\u00b4une capacit\u00e9 de 600 ml avec corps transparent et accessoires disponibles dans une gamme vari\u00e9e de couleurs \u00e9clatantes. Avec bouchon \u00e0 vis et paille assortie.<\/p>\n","protected":false},"excerpt":{"rendered":"<p>Pot amusant en PS d\u00b4une capacit\u00e9 de 600 ml avec corps transparent et accessoires disponibles dans une gamme vari\u00e9e de couleurs \u00e9clatantes. Avec bouchon \u00e0 vis et paille assortie.<\/p>\n","protected":false},"featured_media":27033,"template":"","meta":[],"product_cat":[346],"product_tag":[],"class_list":{"0":"post-27034","1":"product","2":"type-product","3":"status-publish","4":"has-post-thumbnail","6":"product_cat-mugs","8":"first","9":"instock","10":"shipping-taxable","11":"purchasable","12":"product-type-simple"},"_links":{"self":[{"href":"https:\/\/www.hapy-com.fr\/echoppe\/wp-json\/wp\/v2\/product\/27034","targetHints":{"allow":["GET"]}}],"collection":[{"href":"https:\/\/www.hapy-com.fr\/echoppe\/wp-json\/wp\/v2\/product"}],"about":[{"href":"https:\/\/www.hapy-com.fr\/echoppe\/wp-json\/wp\/v2\/types\/product"}],"wp:featuredmedia":[{"embeddable":true,"href":"https:\/\/www.hapy-com.fr\/echoppe\/wp-json\/wp\/v2\/media\/27033"}],"wp:attachment":[{"href":"https:\/\/www.hapy-com.fr\/echoppe\/wp-json\/wp\/v2\/media?parent=27034"}],"wp:term":[{"taxonomy":"product_cat","embeddable":true,"href":"https:\/\/www.hapy-com.fr\/echoppe\/wp-json\/wp\/v2\/product_cat?post=27034"},{"taxonomy":"product_tag","embeddable":true,"href":"https:\/\/www.hapy-com.fr\/echoppe\/wp-json\/wp\/v2\/product_tag?post=27034"}],"curies":[{"name":"wp","href":"https:\/\/api.w.org\/{rel}","templated":true}]}}