{"id":27042,"date":"2022-06-24T14:57:58","date_gmt":"2022-06-24T12:57:58","guid":{"rendered":"http:\/\/www.hapy-com.fr\/echoppe\/product\/bidon-henzo-5\/"},"modified":"2022-06-24T14:57:58","modified_gmt":"2022-06-24T12:57:58","slug":"bidon-henzo-5","status":"publish","type":"product","link":"https:\/\/www.hapy-com.fr\/echoppe\/product\/bidon-henzo-5\/","title":{"rendered":"Bidon Henzo"},"content":{"rendered":"<p>Gourde de 330ml avec corps en aluminium disponible en coloris vifs et vari\u00e9s. Avec bouchon \u00e0 vis de s\u00e9curit\u00e9 et mousqueton de transport en m\u00e9tal. Pr\u00e9sent\u00e9e dans une jolie bo\u00eete design.<\/p>\n","protected":false},"excerpt":{"rendered":"<p>Gourde de 330ml avec corps en aluminium disponible en coloris vifs et vari\u00e9s. Avec bouchon \u00e0 vis de s\u00e9curit\u00e9 et mousqueton de transport en m\u00e9tal. Pr\u00e9sent\u00e9e dans une jolie bo\u00eete&#8230;<\/p>\n","protected":false},"featured_media":27041,"template":"","meta":[],"product_cat":[346],"product_tag":[],"class_list":{"0":"post-27042","1":"product","2":"type-product","3":"status-publish","4":"has-post-thumbnail","6":"product_cat-mugs","8":"first","9":"instock","10":"shipping-taxable","11":"purchasable","12":"product-type-simple"},"_links":{"self":[{"href":"https:\/\/www.hapy-com.fr\/echoppe\/wp-json\/wp\/v2\/product\/27042","targetHints":{"allow":["GET"]}}],"collection":[{"href":"https:\/\/www.hapy-com.fr\/echoppe\/wp-json\/wp\/v2\/product"}],"about":[{"href":"https:\/\/www.hapy-com.fr\/echoppe\/wp-json\/wp\/v2\/types\/product"}],"wp:featuredmedia":[{"embeddable":true,"href":"https:\/\/www.hapy-com.fr\/echoppe\/wp-json\/wp\/v2\/media\/27041"}],"wp:attachment":[{"href":"https:\/\/www.hapy-com.fr\/echoppe\/wp-json\/wp\/v2\/media?parent=27042"}],"wp:term":[{"taxonomy":"product_cat","embeddable":true,"href":"https:\/\/www.hapy-com.fr\/echoppe\/wp-json\/wp\/v2\/product_cat?post=27042"},{"taxonomy":"product_tag","embeddable":true,"href":"https:\/\/www.hapy-com.fr\/echoppe\/wp-json\/wp\/v2\/product_tag?post=27042"}],"curies":[{"name":"wp","href":"https:\/\/api.w.org\/{rel}","templated":true}]}}