{"id":27056,"date":"2022-06-24T14:58:06","date_gmt":"2022-06-24T12:58:06","guid":{"rendered":"http:\/\/www.hapy-com.fr\/echoppe\/product\/thermo-hosban-4\/"},"modified":"2022-06-24T14:58:06","modified_gmt":"2022-06-24T12:58:06","slug":"thermo-hosban-4","status":"publish","type":"product","link":"https:\/\/www.hapy-com.fr\/echoppe\/product\/thermo-hosban-4\/","title":{"rendered":"Thermo Hosban"},"content":{"rendered":"<p>Thermos uni en acier inoxydable d\u00b4une capacit\u00e9 de 500 ml, aux couleurs vives. Avec doseur de s\u00e9curit\u00e9 et bouchon gobelet \u00e0 vis. Livr\u00e9 en bo\u00eete individuelle.<\/p>\n","protected":false},"excerpt":{"rendered":"<p>Thermos uni en acier inoxydable d\u00b4une capacit\u00e9 de 500 ml, aux couleurs vives. Avec doseur de s\u00e9curit\u00e9 et bouchon gobelet \u00e0 vis. Livr\u00e9 en bo\u00eete individuelle.<\/p>\n","protected":false},"featured_media":27055,"template":"","meta":[],"product_cat":[346],"product_tag":[],"class_list":{"0":"post-27056","1":"product","2":"type-product","3":"status-publish","4":"has-post-thumbnail","6":"product_cat-mugs","8":"first","9":"instock","10":"shipping-taxable","11":"purchasable","12":"product-type-simple"},"_links":{"self":[{"href":"https:\/\/www.hapy-com.fr\/echoppe\/wp-json\/wp\/v2\/product\/27056","targetHints":{"allow":["GET"]}}],"collection":[{"href":"https:\/\/www.hapy-com.fr\/echoppe\/wp-json\/wp\/v2\/product"}],"about":[{"href":"https:\/\/www.hapy-com.fr\/echoppe\/wp-json\/wp\/v2\/types\/product"}],"wp:featuredmedia":[{"embeddable":true,"href":"https:\/\/www.hapy-com.fr\/echoppe\/wp-json\/wp\/v2\/media\/27055"}],"wp:attachment":[{"href":"https:\/\/www.hapy-com.fr\/echoppe\/wp-json\/wp\/v2\/media?parent=27056"}],"wp:term":[{"taxonomy":"product_cat","embeddable":true,"href":"https:\/\/www.hapy-com.fr\/echoppe\/wp-json\/wp\/v2\/product_cat?post=27056"},{"taxonomy":"product_tag","embeddable":true,"href":"https:\/\/www.hapy-com.fr\/echoppe\/wp-json\/wp\/v2\/product_tag?post=27056"}],"curies":[{"name":"wp","href":"https:\/\/api.w.org\/{rel}","templated":true}]}}