{"id":27077,"date":"2022-06-24T14:58:27","date_gmt":"2022-06-24T12:58:27","guid":{"rendered":"http:\/\/www.hapy-com.fr\/echoppe\/product\/bidon-norok-4\/"},"modified":"2022-06-24T14:58:27","modified_gmt":"2022-06-24T12:58:27","slug":"bidon-norok-4","status":"publish","type":"product","link":"https:\/\/www.hapy-com.fr\/echoppe\/product\/bidon-norok-4\/","title":{"rendered":"Bidon Norok"},"content":{"rendered":"<p>Gourde d\u00b4une capacit\u00e9 de 500 ml avec corps ergonomique en PE blanc. Avec bouchon \u00e0 vis en couleurs vives et doseur de s\u00e9curit\u00e9.<\/p>\n","protected":false},"excerpt":{"rendered":"<p>Gourde d\u00b4une capacit\u00e9 de 500 ml avec corps ergonomique en PE blanc. Avec bouchon \u00e0 vis en couleurs vives et doseur de s\u00e9curit\u00e9.<\/p>\n","protected":false},"featured_media":27076,"template":"","meta":[],"product_cat":[346],"product_tag":[],"class_list":{"0":"post-27077","1":"product","2":"type-product","3":"status-publish","4":"has-post-thumbnail","6":"product_cat-mugs","8":"first","9":"instock","10":"shipping-taxable","11":"purchasable","12":"product-type-simple"},"_links":{"self":[{"href":"https:\/\/www.hapy-com.fr\/echoppe\/wp-json\/wp\/v2\/product\/27077","targetHints":{"allow":["GET"]}}],"collection":[{"href":"https:\/\/www.hapy-com.fr\/echoppe\/wp-json\/wp\/v2\/product"}],"about":[{"href":"https:\/\/www.hapy-com.fr\/echoppe\/wp-json\/wp\/v2\/types\/product"}],"wp:featuredmedia":[{"embeddable":true,"href":"https:\/\/www.hapy-com.fr\/echoppe\/wp-json\/wp\/v2\/media\/27076"}],"wp:attachment":[{"href":"https:\/\/www.hapy-com.fr\/echoppe\/wp-json\/wp\/v2\/media?parent=27077"}],"wp:term":[{"taxonomy":"product_cat","embeddable":true,"href":"https:\/\/www.hapy-com.fr\/echoppe\/wp-json\/wp\/v2\/product_cat?post=27077"},{"taxonomy":"product_tag","embeddable":true,"href":"https:\/\/www.hapy-com.fr\/echoppe\/wp-json\/wp\/v2\/product_tag?post=27077"}],"curies":[{"name":"wp","href":"https:\/\/api.w.org\/{rel}","templated":true}]}}