{"id":27082,"date":"2022-06-24T14:58:30","date_gmt":"2022-06-24T12:58:30","guid":{"rendered":"http:\/\/www.hapy-com.fr\/echoppe\/product\/bidon-thermique-zolop-2\/"},"modified":"2022-06-24T14:58:30","modified_gmt":"2022-06-24T12:58:30","slug":"bidon-thermique-zolop-2","status":"publish","type":"product","link":"https:\/\/www.hapy-com.fr\/echoppe\/product\/bidon-thermique-zolop-2\/","title":{"rendered":"Bidon Thermique Zolop"},"content":{"rendered":"<p>Bouteille isotherme en acier inoxydable d`une capacit\u00e9 de 850 ml en finition UV pour un aspect brillant moderne et \u00e9l\u00e9gant. Etanche gr\u00e2ce \u00e0 son bouchon de s\u00e9curit\u00e9 et isotherme \u00e0 double paroi, elle maintient \u00e0 la fois le froid et la chaleur. Sans BPA. Livr\u00e9e dans bo\u00eete individuelle.<\/p>\n","protected":false},"excerpt":{"rendered":"<p>Bouteille isotherme en acier inoxydable d`une capacit\u00e9 de 850 ml en finition UV pour un aspect brillant moderne et \u00e9l\u00e9gant. Etanche gr\u00e2ce \u00e0 son bouchon de s\u00e9curit\u00e9 et isotherme \u00e0&#8230;<\/p>\n","protected":false},"featured_media":10635,"template":"","meta":[],"product_cat":[346],"product_tag":[],"class_list":{"0":"post-27082","1":"product","2":"type-product","3":"status-publish","4":"has-post-thumbnail","6":"product_cat-mugs","8":"first","9":"instock","10":"shipping-taxable","11":"purchasable","12":"product-type-simple"},"_links":{"self":[{"href":"https:\/\/www.hapy-com.fr\/echoppe\/wp-json\/wp\/v2\/product\/27082","targetHints":{"allow":["GET"]}}],"collection":[{"href":"https:\/\/www.hapy-com.fr\/echoppe\/wp-json\/wp\/v2\/product"}],"about":[{"href":"https:\/\/www.hapy-com.fr\/echoppe\/wp-json\/wp\/v2\/types\/product"}],"wp:featuredmedia":[{"embeddable":true,"href":"https:\/\/www.hapy-com.fr\/echoppe\/wp-json\/wp\/v2\/media\/10635"}],"wp:attachment":[{"href":"https:\/\/www.hapy-com.fr\/echoppe\/wp-json\/wp\/v2\/media?parent=27082"}],"wp:term":[{"taxonomy":"product_cat","embeddable":true,"href":"https:\/\/www.hapy-com.fr\/echoppe\/wp-json\/wp\/v2\/product_cat?post=27082"},{"taxonomy":"product_tag","embeddable":true,"href":"https:\/\/www.hapy-com.fr\/echoppe\/wp-json\/wp\/v2\/product_tag?post=27082"}],"curies":[{"name":"wp","href":"https:\/\/api.w.org\/{rel}","templated":true}]}}