{"id":27086,"date":"2022-06-24T14:58:32","date_gmt":"2022-06-24T12:58:32","guid":{"rendered":"http:\/\/www.hapy-com.fr\/echoppe\/product\/bidon-kelit-4\/"},"modified":"2022-06-24T14:58:32","modified_gmt":"2022-06-24T12:58:32","slug":"bidon-kelit-4","status":"publish","type":"product","link":"https:\/\/www.hapy-com.fr\/echoppe\/product\/bidon-kelit-4\/","title":{"rendered":"Bidon Kelit"},"content":{"rendered":"<p>Gourde d\u00b4une capacit\u00e9 de 700 ml avec corps en tritan r\u00e9sistant \u00e0 la chaleur jusqu\u00b4\u00e0 70\u00ba. Avec doseur s\u00e9curit\u00e9, bouchon \u00e0 vis et accessoire de refroidissement en couleurs vives. Pr\u00e9sent\u00e9e en bo\u00eete individuelle.<\/p>\n","protected":false},"excerpt":{"rendered":"<p>Gourde d\u00b4une capacit\u00e9 de 700 ml avec corps en tritan r\u00e9sistant \u00e0 la chaleur jusqu\u00b4\u00e0 70\u00ba. Avec doseur s\u00e9curit\u00e9, bouchon \u00e0 vis et accessoire de refroidissement en couleurs vives. Pr\u00e9sent\u00e9e&#8230;<\/p>\n","protected":false},"featured_media":27085,"template":"","meta":[],"product_cat":[346],"product_tag":[],"class_list":{"0":"post-27086","1":"product","2":"type-product","3":"status-publish","4":"has-post-thumbnail","6":"product_cat-mugs","8":"first","9":"instock","10":"shipping-taxable","11":"purchasable","12":"product-type-simple"},"_links":{"self":[{"href":"https:\/\/www.hapy-com.fr\/echoppe\/wp-json\/wp\/v2\/product\/27086","targetHints":{"allow":["GET"]}}],"collection":[{"href":"https:\/\/www.hapy-com.fr\/echoppe\/wp-json\/wp\/v2\/product"}],"about":[{"href":"https:\/\/www.hapy-com.fr\/echoppe\/wp-json\/wp\/v2\/types\/product"}],"wp:featuredmedia":[{"embeddable":true,"href":"https:\/\/www.hapy-com.fr\/echoppe\/wp-json\/wp\/v2\/media\/27085"}],"wp:attachment":[{"href":"https:\/\/www.hapy-com.fr\/echoppe\/wp-json\/wp\/v2\/media?parent=27086"}],"wp:term":[{"taxonomy":"product_cat","embeddable":true,"href":"https:\/\/www.hapy-com.fr\/echoppe\/wp-json\/wp\/v2\/product_cat?post=27086"},{"taxonomy":"product_tag","embeddable":true,"href":"https:\/\/www.hapy-com.fr\/echoppe\/wp-json\/wp\/v2\/product_tag?post=27086"}],"curies":[{"name":"wp","href":"https:\/\/api.w.org\/{rel}","templated":true}]}}