{"id":27094,"date":"2022-06-24T14:58:38","date_gmt":"2022-06-24T12:58:38","guid":{"rendered":"http:\/\/www.hapy-com.fr\/echoppe\/product\/tasse-dariel-5\/"},"modified":"2022-06-24T14:58:38","modified_gmt":"2022-06-24T12:58:38","slug":"tasse-dariel-5","status":"publish","type":"product","link":"https:\/\/www.hapy-com.fr\/echoppe\/product\/tasse-dariel-5\/","title":{"rendered":"Tasse Dariel"},"content":{"rendered":"<p>Mug en c\u00e9ramique de 370 ml avec une zone noire en ardoise pour \u00e9crire. Disponible dans une gamme amusante de couleurs vives. Craie incluse. Pr\u00e9sent\u00e9 en bo\u00eete individuelle.<\/p>\n","protected":false},"excerpt":{"rendered":"<p>Mug en c\u00e9ramique de 370 ml avec une zone noire en ardoise pour \u00e9crire. Disponible dans une gamme amusante de couleurs vives. Craie incluse. Pr\u00e9sent\u00e9 en bo\u00eete individuelle.<\/p>\n","protected":false},"featured_media":27093,"template":"","meta":[],"product_cat":[346],"product_tag":[],"class_list":{"0":"post-27094","1":"product","2":"type-product","3":"status-publish","4":"has-post-thumbnail","6":"product_cat-mugs","8":"first","9":"instock","10":"shipping-taxable","11":"purchasable","12":"product-type-simple"},"_links":{"self":[{"href":"https:\/\/www.hapy-com.fr\/echoppe\/wp-json\/wp\/v2\/product\/27094","targetHints":{"allow":["GET"]}}],"collection":[{"href":"https:\/\/www.hapy-com.fr\/echoppe\/wp-json\/wp\/v2\/product"}],"about":[{"href":"https:\/\/www.hapy-com.fr\/echoppe\/wp-json\/wp\/v2\/types\/product"}],"wp:featuredmedia":[{"embeddable":true,"href":"https:\/\/www.hapy-com.fr\/echoppe\/wp-json\/wp\/v2\/media\/27093"}],"wp:attachment":[{"href":"https:\/\/www.hapy-com.fr\/echoppe\/wp-json\/wp\/v2\/media?parent=27094"}],"wp:term":[{"taxonomy":"product_cat","embeddable":true,"href":"https:\/\/www.hapy-com.fr\/echoppe\/wp-json\/wp\/v2\/product_cat?post=27094"},{"taxonomy":"product_tag","embeddable":true,"href":"https:\/\/www.hapy-com.fr\/echoppe\/wp-json\/wp\/v2\/product_tag?post=27094"}],"curies":[{"name":"wp","href":"https:\/\/api.w.org\/{rel}","templated":true}]}}