{"id":27118,"date":"2022-06-24T14:58:55","date_gmt":"2022-06-24T12:58:55","guid":{"rendered":"http:\/\/www.hapy-com.fr\/echoppe\/product\/tasse-carson-5\/"},"modified":"2022-06-24T14:58:55","modified_gmt":"2022-06-24T12:58:55","slug":"tasse-carson-5","status":"publish","type":"product","link":"https:\/\/www.hapy-com.fr\/echoppe\/product\/tasse-carson-5\/","title":{"rendered":"Tasse Carson"},"content":{"rendered":"<p>Mug de voyage en acier inoxydable d\u00b4une capacit\u00e9 de 450 ml avec corps brillant et accessoires assortis dans des couleurs vives. Avec bouchon doseur de s\u00e9curit\u00e9. Pr\u00e9sent\u00e9 dans une jolie bo\u00eete design.<\/p>\n","protected":false},"excerpt":{"rendered":"<p>Mug de voyage en acier inoxydable d\u00b4une capacit\u00e9 de 450 ml avec corps brillant et accessoires assortis dans des couleurs vives. Avec bouchon doseur de s\u00e9curit\u00e9. Pr\u00e9sent\u00e9 dans une jolie&#8230;<\/p>\n","protected":false},"featured_media":10655,"template":"","meta":[],"product_cat":[346],"product_tag":[],"class_list":{"0":"post-27118","1":"product","2":"type-product","3":"status-publish","4":"has-post-thumbnail","6":"product_cat-mugs","8":"first","9":"instock","10":"shipping-taxable","11":"purchasable","12":"product-type-simple"},"_links":{"self":[{"href":"https:\/\/www.hapy-com.fr\/echoppe\/wp-json\/wp\/v2\/product\/27118","targetHints":{"allow":["GET"]}}],"collection":[{"href":"https:\/\/www.hapy-com.fr\/echoppe\/wp-json\/wp\/v2\/product"}],"about":[{"href":"https:\/\/www.hapy-com.fr\/echoppe\/wp-json\/wp\/v2\/types\/product"}],"wp:featuredmedia":[{"embeddable":true,"href":"https:\/\/www.hapy-com.fr\/echoppe\/wp-json\/wp\/v2\/media\/10655"}],"wp:attachment":[{"href":"https:\/\/www.hapy-com.fr\/echoppe\/wp-json\/wp\/v2\/media?parent=27118"}],"wp:term":[{"taxonomy":"product_cat","embeddable":true,"href":"https:\/\/www.hapy-com.fr\/echoppe\/wp-json\/wp\/v2\/product_cat?post=27118"},{"taxonomy":"product_tag","embeddable":true,"href":"https:\/\/www.hapy-com.fr\/echoppe\/wp-json\/wp\/v2\/product_tag?post=27118"}],"curies":[{"name":"wp","href":"https:\/\/api.w.org\/{rel}","templated":true}]}}