{"id":27141,"date":"2022-06-24T14:59:13","date_gmt":"2022-06-24T12:59:13","guid":{"rendered":"http:\/\/www.hapy-com.fr\/echoppe\/product\/tasse-lousa-4\/"},"modified":"2022-06-24T14:59:13","modified_gmt":"2022-06-24T12:59:13","slug":"tasse-lousa-4","status":"publish","type":"product","link":"https:\/\/www.hapy-com.fr\/echoppe\/product\/tasse-lousa-4\/","title":{"rendered":"Tasse Lousa"},"content":{"rendered":"<p>Mug de 350 ml en c\u00e9ramique de haute qualit\u00e9. Ext\u00e9rieur en coloris vifs, sp\u00e9cialement adapt\u00e9 au marquage en gravure laser. Int\u00e9rieur blanc. La couleur du logo grav\u00e9 sera blanche comme celle de l\u00b4int\u00e9rieur du mug. Pr\u00e9sent\u00e9 en bo\u00eete individuelle.<\/p>\n","protected":false},"excerpt":{"rendered":"<p>Mug de 350 ml en c\u00e9ramique de haute qualit\u00e9. Ext\u00e9rieur en coloris vifs, sp\u00e9cialement adapt\u00e9 au marquage en gravure laser. Int\u00e9rieur blanc. La couleur du logo grav\u00e9 sera blanche comme&#8230;<\/p>\n","protected":false},"featured_media":27140,"template":"","meta":[],"product_cat":[346],"product_tag":[],"class_list":{"0":"post-27141","1":"product","2":"type-product","3":"status-publish","4":"has-post-thumbnail","6":"product_cat-mugs","8":"first","9":"instock","10":"shipping-taxable","11":"purchasable","12":"product-type-simple"},"_links":{"self":[{"href":"https:\/\/www.hapy-com.fr\/echoppe\/wp-json\/wp\/v2\/product\/27141","targetHints":{"allow":["GET"]}}],"collection":[{"href":"https:\/\/www.hapy-com.fr\/echoppe\/wp-json\/wp\/v2\/product"}],"about":[{"href":"https:\/\/www.hapy-com.fr\/echoppe\/wp-json\/wp\/v2\/types\/product"}],"wp:featuredmedia":[{"embeddable":true,"href":"https:\/\/www.hapy-com.fr\/echoppe\/wp-json\/wp\/v2\/media\/27140"}],"wp:attachment":[{"href":"https:\/\/www.hapy-com.fr\/echoppe\/wp-json\/wp\/v2\/media?parent=27141"}],"wp:term":[{"taxonomy":"product_cat","embeddable":true,"href":"https:\/\/www.hapy-com.fr\/echoppe\/wp-json\/wp\/v2\/product_cat?post=27141"},{"taxonomy":"product_tag","embeddable":true,"href":"https:\/\/www.hapy-com.fr\/echoppe\/wp-json\/wp\/v2\/product_tag?post=27141"}],"curies":[{"name":"wp","href":"https:\/\/api.w.org\/{rel}","templated":true}]}}