{"id":27150,"date":"2022-06-24T14:59:23","date_gmt":"2022-06-24T12:59:23","guid":{"rendered":"http:\/\/www.hapy-com.fr\/echoppe\/product\/bidon-match-2\/"},"modified":"2022-06-24T14:59:23","modified_gmt":"2022-06-24T12:59:23","slug":"bidon-match-2","status":"publish","type":"product","link":"https:\/\/www.hapy-com.fr\/echoppe\/product\/bidon-match-2\/","title":{"rendered":"Bidon Match"},"content":{"rendered":"<p>Gourde souple de 480 ml en PET. Avec bouchon de s\u00e9curit\u00e9 \u00e0 vis et mousqueton m\u00e9tallique de transport assorti. Propos\u00e9 avec plusieurs visuels: ballon de basket, de football, de rugby, de balle de golf et de tennis.<\/p>\n","protected":false},"excerpt":{"rendered":"<p>Gourde souple de 480 ml en PET. Avec bouchon de s\u00e9curit\u00e9 \u00e0 vis et mousqueton m\u00e9tallique de transport assorti. Propos\u00e9 avec plusieurs visuels: ballon de basket, de football, de rugby,&#8230;<\/p>\n","protected":false},"featured_media":10671,"template":"","meta":[],"product_cat":[346],"product_tag":[],"class_list":{"0":"post-27150","1":"product","2":"type-product","3":"status-publish","4":"has-post-thumbnail","6":"product_cat-mugs","8":"first","9":"instock","10":"shipping-taxable","11":"purchasable","12":"product-type-simple"},"_links":{"self":[{"href":"https:\/\/www.hapy-com.fr\/echoppe\/wp-json\/wp\/v2\/product\/27150","targetHints":{"allow":["GET"]}}],"collection":[{"href":"https:\/\/www.hapy-com.fr\/echoppe\/wp-json\/wp\/v2\/product"}],"about":[{"href":"https:\/\/www.hapy-com.fr\/echoppe\/wp-json\/wp\/v2\/types\/product"}],"wp:featuredmedia":[{"embeddable":true,"href":"https:\/\/www.hapy-com.fr\/echoppe\/wp-json\/wp\/v2\/media\/10671"}],"wp:attachment":[{"href":"https:\/\/www.hapy-com.fr\/echoppe\/wp-json\/wp\/v2\/media?parent=27150"}],"wp:term":[{"taxonomy":"product_cat","embeddable":true,"href":"https:\/\/www.hapy-com.fr\/echoppe\/wp-json\/wp\/v2\/product_cat?post=27150"},{"taxonomy":"product_tag","embeddable":true,"href":"https:\/\/www.hapy-com.fr\/echoppe\/wp-json\/wp\/v2\/product_tag?post=27150"}],"curies":[{"name":"wp","href":"https:\/\/api.w.org\/{rel}","templated":true}]}}