{"id":27172,"date":"2022-06-24T14:59:38","date_gmt":"2022-06-24T12:59:38","guid":{"rendered":"http:\/\/www.hapy-com.fr\/echoppe\/product\/bidon-keiler-4\/"},"modified":"2022-06-24T14:59:38","modified_gmt":"2022-06-24T12:59:38","slug":"bidon-keiler-4","status":"publish","type":"product","link":"https:\/\/www.hapy-com.fr\/echoppe\/product\/bidon-keiler-4\/","title":{"rendered":"Bidon Keiler"},"content":{"rendered":"<p>Gourde en forme de bouteille de 700 ml en plastique transparent propos\u00e9e en couleurs vives. Base et bouchon \u00e0 vis en acier inoxydable. Pr\u00e9sent\u00e9e dans une jolie bo\u00eete design.<\/p>\n","protected":false},"excerpt":{"rendered":"<p>Gourde en forme de bouteille de 700 ml en plastique transparent propos\u00e9e en couleurs vives. Base et bouchon \u00e0 vis en acier inoxydable. Pr\u00e9sent\u00e9e dans une jolie bo\u00eete design.<\/p>\n","protected":false},"featured_media":27171,"template":"","meta":[],"product_cat":[346],"product_tag":[],"class_list":{"0":"post-27172","1":"product","2":"type-product","3":"status-publish","4":"has-post-thumbnail","6":"product_cat-mugs","8":"first","9":"instock","10":"shipping-taxable","11":"purchasable","12":"product-type-simple"},"_links":{"self":[{"href":"https:\/\/www.hapy-com.fr\/echoppe\/wp-json\/wp\/v2\/product\/27172","targetHints":{"allow":["GET"]}}],"collection":[{"href":"https:\/\/www.hapy-com.fr\/echoppe\/wp-json\/wp\/v2\/product"}],"about":[{"href":"https:\/\/www.hapy-com.fr\/echoppe\/wp-json\/wp\/v2\/types\/product"}],"wp:featuredmedia":[{"embeddable":true,"href":"https:\/\/www.hapy-com.fr\/echoppe\/wp-json\/wp\/v2\/media\/27171"}],"wp:attachment":[{"href":"https:\/\/www.hapy-com.fr\/echoppe\/wp-json\/wp\/v2\/media?parent=27172"}],"wp:term":[{"taxonomy":"product_cat","embeddable":true,"href":"https:\/\/www.hapy-com.fr\/echoppe\/wp-json\/wp\/v2\/product_cat?post=27172"},{"taxonomy":"product_tag","embeddable":true,"href":"https:\/\/www.hapy-com.fr\/echoppe\/wp-json\/wp\/v2\/product_tag?post=27172"}],"curies":[{"name":"wp","href":"https:\/\/api.w.org\/{rel}","templated":true}]}}