{"id":27176,"date":"2022-06-24T14:59:40","date_gmt":"2022-06-24T12:59:40","guid":{"rendered":"http:\/\/www.hapy-com.fr\/echoppe\/product\/bidon-delby-3\/"},"modified":"2022-06-24T14:59:40","modified_gmt":"2022-06-24T12:59:40","slug":"bidon-delby-3","status":"publish","type":"product","link":"https:\/\/www.hapy-com.fr\/echoppe\/product\/bidon-delby-3\/","title":{"rendered":"Bidon Delby"},"content":{"rendered":"<p>Gourde de 800 ml avec corps en aluminium d\u00e9clin\u00e9 dans des couleurs vives et vari\u00e9es. Avec bouchon \u00e0 vis de s\u00e9curit\u00e9 et mousqueton de transport en m\u00e9tal. Pr\u00e9sent\u00e9e dans une jolie bo\u00eete design.<\/p>\n","protected":false},"excerpt":{"rendered":"<p>Gourde de 800 ml avec corps en aluminium d\u00e9clin\u00e9 dans des couleurs vives et vari\u00e9es. Avec bouchon \u00e0 vis de s\u00e9curit\u00e9 et mousqueton de transport en m\u00e9tal. Pr\u00e9sent\u00e9e dans une&#8230;<\/p>\n","protected":false},"featured_media":10680,"template":"","meta":[],"product_cat":[346],"product_tag":[],"class_list":{"0":"post-27176","1":"product","2":"type-product","3":"status-publish","4":"has-post-thumbnail","6":"product_cat-mugs","8":"first","9":"instock","10":"shipping-taxable","11":"purchasable","12":"product-type-simple"},"_links":{"self":[{"href":"https:\/\/www.hapy-com.fr\/echoppe\/wp-json\/wp\/v2\/product\/27176","targetHints":{"allow":["GET"]}}],"collection":[{"href":"https:\/\/www.hapy-com.fr\/echoppe\/wp-json\/wp\/v2\/product"}],"about":[{"href":"https:\/\/www.hapy-com.fr\/echoppe\/wp-json\/wp\/v2\/types\/product"}],"wp:featuredmedia":[{"embeddable":true,"href":"https:\/\/www.hapy-com.fr\/echoppe\/wp-json\/wp\/v2\/media\/10680"}],"wp:attachment":[{"href":"https:\/\/www.hapy-com.fr\/echoppe\/wp-json\/wp\/v2\/media?parent=27176"}],"wp:term":[{"taxonomy":"product_cat","embeddable":true,"href":"https:\/\/www.hapy-com.fr\/echoppe\/wp-json\/wp\/v2\/product_cat?post=27176"},{"taxonomy":"product_tag","embeddable":true,"href":"https:\/\/www.hapy-com.fr\/echoppe\/wp-json\/wp\/v2\/product_tag?post=27176"}],"curies":[{"name":"wp","href":"https:\/\/api.w.org\/{rel}","templated":true}]}}