{"id":27185,"date":"2022-06-24T14:59:49","date_gmt":"2022-06-24T12:59:49","guid":{"rendered":"http:\/\/www.hapy-com.fr\/echoppe\/product\/bidon-kroken-2\/"},"modified":"2022-06-24T14:59:49","modified_gmt":"2022-06-24T12:59:49","slug":"bidon-kroken-2","status":"publish","type":"product","link":"https:\/\/www.hapy-com.fr\/echoppe\/product\/bidon-kroken-2\/","title":{"rendered":"Bidon Kroken"},"content":{"rendered":"<p>Gourde de 700 ml avec tasse. Corps transparent avec tasse et bouchon en couleurs vives. Avec doseur de s\u00e9curit\u00e9. Livr\u00e9e sous boite individuelle.<\/p>\n","protected":false},"excerpt":{"rendered":"<p>Gourde de 700 ml avec tasse. Corps transparent avec tasse et bouchon en couleurs vives. Avec doseur de s\u00e9curit\u00e9. Livr\u00e9e sous boite individuelle.<\/p>\n","protected":false},"featured_media":10688,"template":"","meta":[],"product_cat":[346],"product_tag":[],"class_list":{"0":"post-27185","1":"product","2":"type-product","3":"status-publish","4":"has-post-thumbnail","6":"product_cat-mugs","8":"first","9":"instock","10":"shipping-taxable","11":"purchasable","12":"product-type-simple"},"_links":{"self":[{"href":"https:\/\/www.hapy-com.fr\/echoppe\/wp-json\/wp\/v2\/product\/27185","targetHints":{"allow":["GET"]}}],"collection":[{"href":"https:\/\/www.hapy-com.fr\/echoppe\/wp-json\/wp\/v2\/product"}],"about":[{"href":"https:\/\/www.hapy-com.fr\/echoppe\/wp-json\/wp\/v2\/types\/product"}],"wp:featuredmedia":[{"embeddable":true,"href":"https:\/\/www.hapy-com.fr\/echoppe\/wp-json\/wp\/v2\/media\/10688"}],"wp:attachment":[{"href":"https:\/\/www.hapy-com.fr\/echoppe\/wp-json\/wp\/v2\/media?parent=27185"}],"wp:term":[{"taxonomy":"product_cat","embeddable":true,"href":"https:\/\/www.hapy-com.fr\/echoppe\/wp-json\/wp\/v2\/product_cat?post=27185"},{"taxonomy":"product_tag","embeddable":true,"href":"https:\/\/www.hapy-com.fr\/echoppe\/wp-json\/wp\/v2\/product_tag?post=27185"}],"curies":[{"name":"wp","href":"https:\/\/api.w.org\/{rel}","templated":true}]}}