{"id":27209,"date":"2022-06-24T15:00:11","date_gmt":"2022-06-24T13:00:11","guid":{"rendered":"http:\/\/www.hapy-com.fr\/echoppe\/product\/pot-heisond-6\/"},"modified":"2022-06-24T15:00:11","modified_gmt":"2022-06-24T13:00:11","slug":"pot-heisond-6","status":"publish","type":"product","link":"https:\/\/www.hapy-com.fr\/echoppe\/product\/pot-heisond-6\/","title":{"rendered":"Pot Heisond"},"content":{"rendered":"<p>Pot \u00e0 anses polyvalent en verre d\u00b4une capacit\u00e9 de 500 ml avec couvercle et paille dans des couleurs vives. Avec bouchon \u00e0 vis en m\u00e9tal. Pr\u00e9sent\u00e9 dans une jolie bo\u00eete design.<\/p>\n","protected":false},"excerpt":{"rendered":"<p>Pot \u00e0 anses polyvalent en verre d\u00b4une capacit\u00e9 de 500 ml avec couvercle et paille dans des couleurs vives. Avec bouchon \u00e0 vis en m\u00e9tal. Pr\u00e9sent\u00e9 dans une jolie bo\u00eete&#8230;<\/p>\n","protected":false},"featured_media":27208,"template":"","meta":[],"product_cat":[346],"product_tag":[],"class_list":{"0":"post-27209","1":"product","2":"type-product","3":"status-publish","4":"has-post-thumbnail","6":"product_cat-mugs","8":"first","9":"instock","10":"shipping-taxable","11":"purchasable","12":"product-type-simple"},"_links":{"self":[{"href":"https:\/\/www.hapy-com.fr\/echoppe\/wp-json\/wp\/v2\/product\/27209","targetHints":{"allow":["GET"]}}],"collection":[{"href":"https:\/\/www.hapy-com.fr\/echoppe\/wp-json\/wp\/v2\/product"}],"about":[{"href":"https:\/\/www.hapy-com.fr\/echoppe\/wp-json\/wp\/v2\/types\/product"}],"wp:featuredmedia":[{"embeddable":true,"href":"https:\/\/www.hapy-com.fr\/echoppe\/wp-json\/wp\/v2\/media\/27208"}],"wp:attachment":[{"href":"https:\/\/www.hapy-com.fr\/echoppe\/wp-json\/wp\/v2\/media?parent=27209"}],"wp:term":[{"taxonomy":"product_cat","embeddable":true,"href":"https:\/\/www.hapy-com.fr\/echoppe\/wp-json\/wp\/v2\/product_cat?post=27209"},{"taxonomy":"product_tag","embeddable":true,"href":"https:\/\/www.hapy-com.fr\/echoppe\/wp-json\/wp\/v2\/product_tag?post=27209"}],"curies":[{"name":"wp","href":"https:\/\/api.w.org\/{rel}","templated":true}]}}