{"id":27227,"date":"2022-06-24T15:00:25","date_gmt":"2022-06-24T13:00:25","guid":{"rendered":"http:\/\/www.hapy-com.fr\/echoppe\/product\/bidon-support-scout-5\/"},"modified":"2022-06-24T15:00:25","modified_gmt":"2022-06-24T13:00:25","slug":"bidon-support-scout-5","status":"publish","type":"product","link":"https:\/\/www.hapy-com.fr\/echoppe\/product\/bidon-support-scout-5\/","title":{"rendered":"Bidon Support Scout"},"content":{"rendered":"<p>Gourde originale avec fonction de support pour t\u00e9l\u00e9phone portable int\u00e9gr\u00e9. Capacit\u00e9 de 390 ml avec corps transparent en PP et int\u00e9rieur assorti. Avec bouchon \u00e0 vis de s\u00e9curit\u00e9 et poign\u00e9e de transport. Pr\u00e9sent\u00e9e dans une jolie bo\u00eete design.<\/p>\n","protected":false},"excerpt":{"rendered":"<p>Gourde originale avec fonction de support pour t\u00e9l\u00e9phone portable int\u00e9gr\u00e9. Capacit\u00e9 de 390 ml avec corps transparent en PP et int\u00e9rieur assorti. Avec bouchon \u00e0 vis de s\u00e9curit\u00e9 et poign\u00e9e&#8230;<\/p>\n","protected":false},"featured_media":27226,"template":"","meta":[],"product_cat":[346],"product_tag":[],"class_list":{"0":"post-27227","1":"product","2":"type-product","3":"status-publish","4":"has-post-thumbnail","6":"product_cat-mugs","8":"first","9":"instock","10":"shipping-taxable","11":"purchasable","12":"product-type-simple"},"_links":{"self":[{"href":"https:\/\/www.hapy-com.fr\/echoppe\/wp-json\/wp\/v2\/product\/27227","targetHints":{"allow":["GET"]}}],"collection":[{"href":"https:\/\/www.hapy-com.fr\/echoppe\/wp-json\/wp\/v2\/product"}],"about":[{"href":"https:\/\/www.hapy-com.fr\/echoppe\/wp-json\/wp\/v2\/types\/product"}],"wp:featuredmedia":[{"embeddable":true,"href":"https:\/\/www.hapy-com.fr\/echoppe\/wp-json\/wp\/v2\/media\/27226"}],"wp:attachment":[{"href":"https:\/\/www.hapy-com.fr\/echoppe\/wp-json\/wp\/v2\/media?parent=27227"}],"wp:term":[{"taxonomy":"product_cat","embeddable":true,"href":"https:\/\/www.hapy-com.fr\/echoppe\/wp-json\/wp\/v2\/product_cat?post=27227"},{"taxonomy":"product_tag","embeddable":true,"href":"https:\/\/www.hapy-com.fr\/echoppe\/wp-json\/wp\/v2\/product_tag?post=27227"}],"curies":[{"name":"wp","href":"https:\/\/api.w.org\/{rel}","templated":true}]}}