{"id":27228,"date":"2022-06-24T15:00:25","date_gmt":"2022-06-24T13:00:25","guid":{"rendered":"http:\/\/www.hapy-com.fr\/echoppe\/product\/bidon-presse-agrumes-raensen-2\/"},"modified":"2022-06-24T15:00:25","modified_gmt":"2022-06-24T13:00:25","slug":"bidon-presse-agrumes-raensen-2","status":"publish","type":"product","link":"https:\/\/www.hapy-com.fr\/echoppe\/product\/bidon-presse-agrumes-raensen-2\/","title":{"rendered":"Bidon Presse-agrumes Raensen"},"content":{"rendered":"<p>Gourde de 780ml de tr\u00e8s bonne qualit\u00e9. En tritan, qui r\u00e9siste \u00e0 la chaleur (70\u00ba) et sans BPA. Avec un compartiment \u00e0 la base avec presse-agrumes pour aromatiser l\u00b4eau. Avec embout doseur, bouchon \u00e0 vis et poign\u00e9e de transport. Livr\u00e9 en bo\u00eete individuelle.<\/p>\n","protected":false},"excerpt":{"rendered":"<p>Gourde de 780ml de tr\u00e8s bonne qualit\u00e9. En tritan, qui r\u00e9siste \u00e0 la chaleur (70\u00ba) et sans BPA. Avec un compartiment \u00e0 la base avec presse-agrumes pour aromatiser l\u00b4eau. Avec&#8230;<\/p>\n","protected":false},"featured_media":10696,"template":"","meta":[],"product_cat":[346],"product_tag":[],"class_list":{"0":"post-27228","1":"product","2":"type-product","3":"status-publish","4":"has-post-thumbnail","6":"product_cat-mugs","8":"first","9":"instock","10":"shipping-taxable","11":"purchasable","12":"product-type-simple"},"_links":{"self":[{"href":"https:\/\/www.hapy-com.fr\/echoppe\/wp-json\/wp\/v2\/product\/27228","targetHints":{"allow":["GET"]}}],"collection":[{"href":"https:\/\/www.hapy-com.fr\/echoppe\/wp-json\/wp\/v2\/product"}],"about":[{"href":"https:\/\/www.hapy-com.fr\/echoppe\/wp-json\/wp\/v2\/types\/product"}],"wp:featuredmedia":[{"embeddable":true,"href":"https:\/\/www.hapy-com.fr\/echoppe\/wp-json\/wp\/v2\/media\/10696"}],"wp:attachment":[{"href":"https:\/\/www.hapy-com.fr\/echoppe\/wp-json\/wp\/v2\/media?parent=27228"}],"wp:term":[{"taxonomy":"product_cat","embeddable":true,"href":"https:\/\/www.hapy-com.fr\/echoppe\/wp-json\/wp\/v2\/product_cat?post=27228"},{"taxonomy":"product_tag","embeddable":true,"href":"https:\/\/www.hapy-com.fr\/echoppe\/wp-json\/wp\/v2\/product_tag?post=27228"}],"curies":[{"name":"wp","href":"https:\/\/api.w.org\/{rel}","templated":true}]}}