{"id":27242,"date":"2022-06-24T15:00:38","date_gmt":"2022-06-24T13:00:38","guid":{"rendered":"http:\/\/www.hapy-com.fr\/echoppe\/product\/bidon-dokath-9\/"},"modified":"2022-06-24T15:00:38","modified_gmt":"2022-06-24T13:00:38","slug":"bidon-dokath-9","status":"publish","type":"product","link":"https:\/\/www.hapy-com.fr\/echoppe\/product\/bidon-dokath-9\/","title":{"rendered":"Bidon Dokath"},"content":{"rendered":"<p>Gourde de voyage en verre d\u00b4une capacit\u00e9 de 420 ml, \u00e9tui en n\u00e9opr\u00e8ne disponible dans diff\u00e9rents coloris. Avec bouchon \u00e0 vis de s\u00e9curit\u00e9.<\/p>\n","protected":false},"excerpt":{"rendered":"<p>Gourde de voyage en verre d\u00b4une capacit\u00e9 de 420 ml, \u00e9tui en n\u00e9opr\u00e8ne disponible dans diff\u00e9rents coloris. Avec bouchon \u00e0 vis de s\u00e9curit\u00e9.<\/p>\n","protected":false},"featured_media":10698,"template":"","meta":[],"product_cat":[346],"product_tag":[],"class_list":{"0":"post-27242","1":"product","2":"type-product","3":"status-publish","4":"has-post-thumbnail","6":"product_cat-mugs","8":"first","9":"instock","10":"shipping-taxable","11":"purchasable","12":"product-type-simple"},"_links":{"self":[{"href":"https:\/\/www.hapy-com.fr\/echoppe\/wp-json\/wp\/v2\/product\/27242","targetHints":{"allow":["GET"]}}],"collection":[{"href":"https:\/\/www.hapy-com.fr\/echoppe\/wp-json\/wp\/v2\/product"}],"about":[{"href":"https:\/\/www.hapy-com.fr\/echoppe\/wp-json\/wp\/v2\/types\/product"}],"wp:featuredmedia":[{"embeddable":true,"href":"https:\/\/www.hapy-com.fr\/echoppe\/wp-json\/wp\/v2\/media\/10698"}],"wp:attachment":[{"href":"https:\/\/www.hapy-com.fr\/echoppe\/wp-json\/wp\/v2\/media?parent=27242"}],"wp:term":[{"taxonomy":"product_cat","embeddable":true,"href":"https:\/\/www.hapy-com.fr\/echoppe\/wp-json\/wp\/v2\/product_cat?post=27242"},{"taxonomy":"product_tag","embeddable":true,"href":"https:\/\/www.hapy-com.fr\/echoppe\/wp-json\/wp\/v2\/product_tag?post=27242"}],"curies":[{"name":"wp","href":"https:\/\/api.w.org\/{rel}","templated":true}]}}