{"id":27253,"date":"2022-06-24T15:00:47","date_gmt":"2022-06-24T13:00:47","guid":{"rendered":"http:\/\/www.hapy-com.fr\/echoppe\/product\/bidon-lobrok-4\/"},"modified":"2022-06-24T15:00:47","modified_gmt":"2022-06-24T13:00:47","slug":"bidon-lobrok-4","status":"publish","type":"product","link":"https:\/\/www.hapy-com.fr\/echoppe\/product\/bidon-lobrok-4\/","title":{"rendered":"Bidon Lobrok"},"content":{"rendered":"<p>Gourde d une capacit\u00e9 de 780 ml en tritan, r\u00e9sistant \u00e0 la chaleur (70\u00ba). Sans-BPA, disponible dans diff\u00e9rents coloris. Avec bouchon \u00e0 vis et livr\u00e9 en bo\u00eete individuelle.<\/p>\n","protected":false},"excerpt":{"rendered":"<p>Gourde d une capacit\u00e9 de 780 ml en tritan, r\u00e9sistant \u00e0 la chaleur (70\u00ba). Sans-BPA, disponible dans diff\u00e9rents coloris. Avec bouchon \u00e0 vis et livr\u00e9 en bo\u00eete individuelle.<\/p>\n","protected":false},"featured_media":27252,"template":"","meta":[],"product_cat":[346],"product_tag":[],"class_list":{"0":"post-27253","1":"product","2":"type-product","3":"status-publish","4":"has-post-thumbnail","6":"product_cat-mugs","8":"first","9":"instock","10":"shipping-taxable","11":"purchasable","12":"product-type-simple"},"_links":{"self":[{"href":"https:\/\/www.hapy-com.fr\/echoppe\/wp-json\/wp\/v2\/product\/27253","targetHints":{"allow":["GET"]}}],"collection":[{"href":"https:\/\/www.hapy-com.fr\/echoppe\/wp-json\/wp\/v2\/product"}],"about":[{"href":"https:\/\/www.hapy-com.fr\/echoppe\/wp-json\/wp\/v2\/types\/product"}],"wp:featuredmedia":[{"embeddable":true,"href":"https:\/\/www.hapy-com.fr\/echoppe\/wp-json\/wp\/v2\/media\/27252"}],"wp:attachment":[{"href":"https:\/\/www.hapy-com.fr\/echoppe\/wp-json\/wp\/v2\/media?parent=27253"}],"wp:term":[{"taxonomy":"product_cat","embeddable":true,"href":"https:\/\/www.hapy-com.fr\/echoppe\/wp-json\/wp\/v2\/product_cat?post=27253"},{"taxonomy":"product_tag","embeddable":true,"href":"https:\/\/www.hapy-com.fr\/echoppe\/wp-json\/wp\/v2\/product_tag?post=27253"}],"curies":[{"name":"wp","href":"https:\/\/api.w.org\/{rel}","templated":true}]}}