{"id":27261,"date":"2022-06-24T15:00:53","date_gmt":"2022-06-24T13:00:53","guid":{"rendered":"http:\/\/www.hapy-com.fr\/echoppe\/product\/bidon-deldye-4\/"},"modified":"2022-06-24T15:00:53","modified_gmt":"2022-06-24T13:00:53","slug":"bidon-deldye-4","status":"publish","type":"product","link":"https:\/\/www.hapy-com.fr\/echoppe\/product\/bidon-deldye-4\/","title":{"rendered":"Bidon Deldye"},"content":{"rendered":"<p>Gourde de 440 ml pour enfant . Ce produit de haute qualit\u00e9 est en tritan r\u00e9sistant \u00e0 la chaleur  jusqu\u00b4\u00e0 70\u00ba et ne contient pas de BPA pour la s\u00e9curit\u00e9 des plus petits. Avec embout doseur, bouchon \u00e0 vis et sangle de transport. Pr\u00e9sent\u00e9e en boite  individuelle.<\/p>\n","protected":false},"excerpt":{"rendered":"<p>Gourde de 440 ml pour enfant . Ce produit de haute qualit\u00e9 est en tritan r\u00e9sistant \u00e0 la chaleur jusqu\u00b4\u00e0 70\u00ba et ne contient pas de BPA pour la s\u00e9curit\u00e9&#8230;<\/p>\n","protected":false},"featured_media":10710,"template":"","meta":[],"product_cat":[346],"product_tag":[],"class_list":{"0":"post-27261","1":"product","2":"type-product","3":"status-publish","4":"has-post-thumbnail","6":"product_cat-mugs","8":"first","9":"instock","10":"shipping-taxable","11":"purchasable","12":"product-type-simple"},"_links":{"self":[{"href":"https:\/\/www.hapy-com.fr\/echoppe\/wp-json\/wp\/v2\/product\/27261","targetHints":{"allow":["GET"]}}],"collection":[{"href":"https:\/\/www.hapy-com.fr\/echoppe\/wp-json\/wp\/v2\/product"}],"about":[{"href":"https:\/\/www.hapy-com.fr\/echoppe\/wp-json\/wp\/v2\/types\/product"}],"wp:featuredmedia":[{"embeddable":true,"href":"https:\/\/www.hapy-com.fr\/echoppe\/wp-json\/wp\/v2\/media\/10710"}],"wp:attachment":[{"href":"https:\/\/www.hapy-com.fr\/echoppe\/wp-json\/wp\/v2\/media?parent=27261"}],"wp:term":[{"taxonomy":"product_cat","embeddable":true,"href":"https:\/\/www.hapy-com.fr\/echoppe\/wp-json\/wp\/v2\/product_cat?post=27261"},{"taxonomy":"product_tag","embeddable":true,"href":"https:\/\/www.hapy-com.fr\/echoppe\/wp-json\/wp\/v2\/product_tag?post=27261"}],"curies":[{"name":"wp","href":"https:\/\/api.w.org\/{rel}","templated":true}]}}