{"id":27269,"date":"2022-06-24T15:00:59","date_gmt":"2022-06-24T13:00:59","guid":{"rendered":"http:\/\/www.hapy-com.fr\/echoppe\/product\/tasse-wilem-6\/"},"modified":"2022-06-24T15:00:59","modified_gmt":"2022-06-24T13:00:59","slug":"tasse-wilem-6","status":"publish","type":"product","link":"https:\/\/www.hapy-com.fr\/echoppe\/product\/tasse-wilem-6\/","title":{"rendered":"Tasse Wilem"},"content":{"rendered":"<p>Tazze m\u00e9tallique de capacit\u00e9 de 380ml avec un design vintage et fini avec des imperfections pour un plus grand sentiment r\u00e9tro. En combinaison d\u00b4ext\u00e9rieur dans une gamme vari\u00e9e de couleurs et d\u00b4int\u00e9rieur en blanc avec bordure noire. Pr\u00e9sent\u00e9 dans une bo\u00eete individuelle.<\/p>\n","protected":false},"excerpt":{"rendered":"<p>Tazze m\u00e9tallique de capacit\u00e9 de 380ml avec un design vintage et fini avec des imperfections pour un plus grand sentiment r\u00e9tro. En combinaison d\u00b4ext\u00e9rieur dans une gamme vari\u00e9e de couleurs&#8230;<\/p>\n","protected":false},"featured_media":27268,"template":"","meta":[],"product_cat":[346],"product_tag":[],"class_list":{"0":"post-27269","1":"product","2":"type-product","3":"status-publish","4":"has-post-thumbnail","6":"product_cat-mugs","8":"first","9":"instock","10":"shipping-taxable","11":"purchasable","12":"product-type-simple"},"_links":{"self":[{"href":"https:\/\/www.hapy-com.fr\/echoppe\/wp-json\/wp\/v2\/product\/27269","targetHints":{"allow":["GET"]}}],"collection":[{"href":"https:\/\/www.hapy-com.fr\/echoppe\/wp-json\/wp\/v2\/product"}],"about":[{"href":"https:\/\/www.hapy-com.fr\/echoppe\/wp-json\/wp\/v2\/types\/product"}],"wp:featuredmedia":[{"embeddable":true,"href":"https:\/\/www.hapy-com.fr\/echoppe\/wp-json\/wp\/v2\/media\/27268"}],"wp:attachment":[{"href":"https:\/\/www.hapy-com.fr\/echoppe\/wp-json\/wp\/v2\/media?parent=27269"}],"wp:term":[{"taxonomy":"product_cat","embeddable":true,"href":"https:\/\/www.hapy-com.fr\/echoppe\/wp-json\/wp\/v2\/product_cat?post=27269"},{"taxonomy":"product_tag","embeddable":true,"href":"https:\/\/www.hapy-com.fr\/echoppe\/wp-json\/wp\/v2\/product_tag?post=27269"}],"curies":[{"name":"wp","href":"https:\/\/api.w.org\/{rel}","templated":true}]}}