{"id":27279,"date":"2022-06-24T15:01:07","date_gmt":"2022-06-24T13:01:07","guid":{"rendered":"http:\/\/www.hapy-com.fr\/echoppe\/product\/bouteille-haser-6\/"},"modified":"2022-06-24T15:01:07","modified_gmt":"2022-06-24T13:01:07","slug":"bouteille-haser-6","status":"publish","type":"product","link":"https:\/\/www.hapy-com.fr\/echoppe\/product\/bouteille-haser-6\/","title":{"rendered":"Bouteille Haser"},"content":{"rendered":"<p>Bouteille en verre de 260ml avec design vintage et bouchon de s\u00e9curit\u00e9 dans une large gamme de couleurs vives. Pr\u00e9sent\u00e9e dans une jolie bo\u00eete design.<\/p>\n","protected":false},"excerpt":{"rendered":"<p>Bouteille en verre de 260ml avec design vintage et bouchon de s\u00e9curit\u00e9 dans une large gamme de couleurs vives. Pr\u00e9sent\u00e9e dans une jolie bo\u00eete design.<\/p>\n","protected":false},"featured_media":27278,"template":"","meta":[],"product_cat":[346],"product_tag":[],"class_list":{"0":"post-27279","1":"product","2":"type-product","3":"status-publish","4":"has-post-thumbnail","6":"product_cat-mugs","8":"first","9":"instock","10":"shipping-taxable","11":"purchasable","12":"product-type-simple"},"_links":{"self":[{"href":"https:\/\/www.hapy-com.fr\/echoppe\/wp-json\/wp\/v2\/product\/27279","targetHints":{"allow":["GET"]}}],"collection":[{"href":"https:\/\/www.hapy-com.fr\/echoppe\/wp-json\/wp\/v2\/product"}],"about":[{"href":"https:\/\/www.hapy-com.fr\/echoppe\/wp-json\/wp\/v2\/types\/product"}],"wp:featuredmedia":[{"embeddable":true,"href":"https:\/\/www.hapy-com.fr\/echoppe\/wp-json\/wp\/v2\/media\/27278"}],"wp:attachment":[{"href":"https:\/\/www.hapy-com.fr\/echoppe\/wp-json\/wp\/v2\/media?parent=27279"}],"wp:term":[{"taxonomy":"product_cat","embeddable":true,"href":"https:\/\/www.hapy-com.fr\/echoppe\/wp-json\/wp\/v2\/product_cat?post=27279"},{"taxonomy":"product_tag","embeddable":true,"href":"https:\/\/www.hapy-com.fr\/echoppe\/wp-json\/wp\/v2\/product_tag?post=27279"}],"curies":[{"name":"wp","href":"https:\/\/api.w.org\/{rel}","templated":true}]}}