{"id":27286,"date":"2022-06-24T15:01:15","date_gmt":"2022-06-24T13:01:15","guid":{"rendered":"http:\/\/www.hapy-com.fr\/echoppe\/product\/etui-blesk-4\/"},"modified":"2022-06-24T15:01:15","modified_gmt":"2022-06-24T13:01:15","slug":"etui-blesk-4","status":"publish","type":"product","link":"https:\/\/www.hapy-com.fr\/echoppe\/product\/etui-blesk-4\/","title":{"rendered":"\u00c9tui Blesk"},"content":{"rendered":"<p>Housse isotherme pour canettes de 33 cl en softshell r\u00e9sistante. Disponible en couleurs vives et vari\u00e9es et \u00e9quip\u00e9e d\u00b4un mousqueton de transport m\u00e9tallique. Livr\u00e9e pli\u00e9e pour faciliter l\u00b4impression.<\/p>\n","protected":false},"excerpt":{"rendered":"<p>Housse isotherme pour canettes de 33 cl en softshell r\u00e9sistante. Disponible en couleurs vives et vari\u00e9es et \u00e9quip\u00e9e d\u00b4un mousqueton de transport m\u00e9tallique. Livr\u00e9e pli\u00e9e pour faciliter l\u00b4impression.<\/p>\n","protected":false},"featured_media":27285,"template":"","meta":[],"product_cat":[346],"product_tag":[],"class_list":{"0":"post-27286","1":"product","2":"type-product","3":"status-publish","4":"has-post-thumbnail","6":"product_cat-mugs","8":"first","9":"instock","10":"shipping-taxable","11":"purchasable","12":"product-type-simple"},"_links":{"self":[{"href":"https:\/\/www.hapy-com.fr\/echoppe\/wp-json\/wp\/v2\/product\/27286","targetHints":{"allow":["GET"]}}],"collection":[{"href":"https:\/\/www.hapy-com.fr\/echoppe\/wp-json\/wp\/v2\/product"}],"about":[{"href":"https:\/\/www.hapy-com.fr\/echoppe\/wp-json\/wp\/v2\/types\/product"}],"wp:featuredmedia":[{"embeddable":true,"href":"https:\/\/www.hapy-com.fr\/echoppe\/wp-json\/wp\/v2\/media\/27285"}],"wp:attachment":[{"href":"https:\/\/www.hapy-com.fr\/echoppe\/wp-json\/wp\/v2\/media?parent=27286"}],"wp:term":[{"taxonomy":"product_cat","embeddable":true,"href":"https:\/\/www.hapy-com.fr\/echoppe\/wp-json\/wp\/v2\/product_cat?post=27286"},{"taxonomy":"product_tag","embeddable":true,"href":"https:\/\/www.hapy-com.fr\/echoppe\/wp-json\/wp\/v2\/product_tag?post=27286"}],"curies":[{"name":"wp","href":"https:\/\/api.w.org\/{rel}","templated":true}]}}