{"id":27303,"date":"2022-06-24T15:01:31","date_gmt":"2022-06-24T13:01:31","guid":{"rendered":"http:\/\/www.hapy-com.fr\/echoppe\/product\/tasse-mabery-5\/"},"modified":"2022-06-24T15:01:31","modified_gmt":"2022-06-24T13:01:31","slug":"tasse-mabery-5","status":"publish","type":"product","link":"https:\/\/www.hapy-com.fr\/echoppe\/product\/tasse-mabery-5\/","title":{"rendered":"Tasse Mabery"},"content":{"rendered":"<p>Mug en c\u00e9ramique de 440ml avec l\u00b4ext\u00e9rieur en coloris vari\u00e9s et l\u00b4int\u00e9rieur en blanc. Pr\u00e9sent\u00e9 en bo\u00eete individuelle.<\/p>\n","protected":false},"excerpt":{"rendered":"<p>Mug en c\u00e9ramique de 440ml avec l\u00b4ext\u00e9rieur en coloris vari\u00e9s et l\u00b4int\u00e9rieur en blanc. Pr\u00e9sent\u00e9 en bo\u00eete individuelle.<\/p>\n","protected":false},"featured_media":10727,"template":"","meta":[],"product_cat":[346],"product_tag":[],"class_list":{"0":"post-27303","1":"product","2":"type-product","3":"status-publish","4":"has-post-thumbnail","6":"product_cat-mugs","8":"first","9":"instock","10":"shipping-taxable","11":"purchasable","12":"product-type-simple"},"_links":{"self":[{"href":"https:\/\/www.hapy-com.fr\/echoppe\/wp-json\/wp\/v2\/product\/27303","targetHints":{"allow":["GET"]}}],"collection":[{"href":"https:\/\/www.hapy-com.fr\/echoppe\/wp-json\/wp\/v2\/product"}],"about":[{"href":"https:\/\/www.hapy-com.fr\/echoppe\/wp-json\/wp\/v2\/types\/product"}],"wp:featuredmedia":[{"embeddable":true,"href":"https:\/\/www.hapy-com.fr\/echoppe\/wp-json\/wp\/v2\/media\/10727"}],"wp:attachment":[{"href":"https:\/\/www.hapy-com.fr\/echoppe\/wp-json\/wp\/v2\/media?parent=27303"}],"wp:term":[{"taxonomy":"product_cat","embeddable":true,"href":"https:\/\/www.hapy-com.fr\/echoppe\/wp-json\/wp\/v2\/product_cat?post=27303"},{"taxonomy":"product_tag","embeddable":true,"href":"https:\/\/www.hapy-com.fr\/echoppe\/wp-json\/wp\/v2\/product_tag?post=27303"}],"curies":[{"name":"wp","href":"https:\/\/api.w.org\/{rel}","templated":true}]}}