{"id":27318,"date":"2022-06-24T15:01:42","date_gmt":"2022-06-24T13:01:42","guid":{"rendered":"http:\/\/www.hapy-com.fr\/echoppe\/product\/bidon-vandix-6\/"},"modified":"2022-06-24T15:01:42","modified_gmt":"2022-06-24T13:01:42","slug":"bidon-vandix-6","status":"publish","type":"product","link":"https:\/\/www.hapy-com.fr\/echoppe\/product\/bidon-vandix-6\/","title":{"rendered":"Bidon Vandix"},"content":{"rendered":"<p>Gourde de 650 ml de haute qualit\u00e9 en Tritan r\u00e9sistant \u00e0 la chaleur  jusqu\u00b4\u00e0 70\u00ba et sans BPA. Gamme de couleurs vives. Avec bec doseur et bouchon \u00e0 vis de s\u00e9curit\u00e9. Pr\u00e9sent\u00e9e dans une bo\u00eete individuelle.<\/p>\n","protected":false},"excerpt":{"rendered":"<p>Gourde de 650 ml de haute qualit\u00e9 en Tritan r\u00e9sistant \u00e0 la chaleur jusqu\u00b4\u00e0 70\u00ba et sans BPA. Gamme de couleurs vives. Avec bec doseur et bouchon \u00e0 vis de&#8230;<\/p>\n","protected":false},"featured_media":27317,"template":"","meta":[],"product_cat":[346],"product_tag":[],"class_list":{"0":"post-27318","1":"product","2":"type-product","3":"status-publish","4":"has-post-thumbnail","6":"product_cat-mugs","8":"first","9":"instock","10":"shipping-taxable","11":"purchasable","12":"product-type-simple"},"_links":{"self":[{"href":"https:\/\/www.hapy-com.fr\/echoppe\/wp-json\/wp\/v2\/product\/27318","targetHints":{"allow":["GET"]}}],"collection":[{"href":"https:\/\/www.hapy-com.fr\/echoppe\/wp-json\/wp\/v2\/product"}],"about":[{"href":"https:\/\/www.hapy-com.fr\/echoppe\/wp-json\/wp\/v2\/types\/product"}],"wp:featuredmedia":[{"embeddable":true,"href":"https:\/\/www.hapy-com.fr\/echoppe\/wp-json\/wp\/v2\/media\/27317"}],"wp:attachment":[{"href":"https:\/\/www.hapy-com.fr\/echoppe\/wp-json\/wp\/v2\/media?parent=27318"}],"wp:term":[{"taxonomy":"product_cat","embeddable":true,"href":"https:\/\/www.hapy-com.fr\/echoppe\/wp-json\/wp\/v2\/product_cat?post=27318"},{"taxonomy":"product_tag","embeddable":true,"href":"https:\/\/www.hapy-com.fr\/echoppe\/wp-json\/wp\/v2\/product_tag?post=27318"}],"curies":[{"name":"wp","href":"https:\/\/api.w.org\/{rel}","templated":true}]}}