{"id":27327,"date":"2022-06-24T15:01:49","date_gmt":"2022-06-24T13:01:49","guid":{"rendered":"http:\/\/www.hapy-com.fr\/echoppe\/product\/tasse-bitrok-5\/"},"modified":"2022-06-24T15:01:49","modified_gmt":"2022-06-24T13:01:49","slug":"tasse-bitrok-5","status":"publish","type":"product","link":"https:\/\/www.hapy-com.fr\/echoppe\/product\/tasse-bitrok-5\/","title":{"rendered":"Tasse Bitrok"},"content":{"rendered":"<p>Mug de 350ml en verre transparent avec une base color\u00e9e propos\u00e9e en coloris vari\u00e9s. Livr\u00e9 sous boite individuelle.<\/p>\n","protected":false},"excerpt":{"rendered":"<p>Mug de 350ml en verre transparent avec une base color\u00e9e propos\u00e9e en coloris vari\u00e9s. Livr\u00e9 sous boite individuelle.<\/p>\n","protected":false},"featured_media":27326,"template":"","meta":[],"product_cat":[346],"product_tag":[],"class_list":{"0":"post-27327","1":"product","2":"type-product","3":"status-publish","4":"has-post-thumbnail","6":"product_cat-mugs","8":"first","9":"instock","10":"shipping-taxable","11":"purchasable","12":"product-type-simple"},"_links":{"self":[{"href":"https:\/\/www.hapy-com.fr\/echoppe\/wp-json\/wp\/v2\/product\/27327","targetHints":{"allow":["GET"]}}],"collection":[{"href":"https:\/\/www.hapy-com.fr\/echoppe\/wp-json\/wp\/v2\/product"}],"about":[{"href":"https:\/\/www.hapy-com.fr\/echoppe\/wp-json\/wp\/v2\/types\/product"}],"wp:featuredmedia":[{"embeddable":true,"href":"https:\/\/www.hapy-com.fr\/echoppe\/wp-json\/wp\/v2\/media\/27326"}],"wp:attachment":[{"href":"https:\/\/www.hapy-com.fr\/echoppe\/wp-json\/wp\/v2\/media?parent=27327"}],"wp:term":[{"taxonomy":"product_cat","embeddable":true,"href":"https:\/\/www.hapy-com.fr\/echoppe\/wp-json\/wp\/v2\/product_cat?post=27327"},{"taxonomy":"product_tag","embeddable":true,"href":"https:\/\/www.hapy-com.fr\/echoppe\/wp-json\/wp\/v2\/product_tag?post=27327"}],"curies":[{"name":"wp","href":"https:\/\/api.w.org\/{rel}","templated":true}]}}