{"id":27331,"date":"2022-06-24T15:01:51","date_gmt":"2022-06-24T13:01:51","guid":{"rendered":"http:\/\/www.hapy-com.fr\/echoppe\/product\/verre-dritox-4\/"},"modified":"2022-06-24T15:01:51","modified_gmt":"2022-06-24T13:01:51","slug":"verre-dritox-4","status":"publish","type":"product","link":"https:\/\/www.hapy-com.fr\/echoppe\/product\/verre-dritox-4\/","title":{"rendered":"Verre Dritox"},"content":{"rendered":"<p>Verre en acier inoxydable et une capacit\u00e9 de 310 ml  avec corps dans des couleurs vives avec finition brillante et design en diamant. Avec couvercle de dosage de s\u00e9curit\u00e9 et base rembourr\u00e9e en mousse souple. Pr\u00e9sent\u00e9 dans une bo\u00eete individuelle.<\/p>\n","protected":false},"excerpt":{"rendered":"<p>Verre en acier inoxydable et une capacit\u00e9 de 310 ml avec corps dans des couleurs vives avec finition brillante et design en diamant. Avec couvercle de dosage de s\u00e9curit\u00e9 et&#8230;<\/p>\n","protected":false},"featured_media":10735,"template":"","meta":[],"product_cat":[346],"product_tag":[],"class_list":{"0":"post-27331","1":"product","2":"type-product","3":"status-publish","4":"has-post-thumbnail","6":"product_cat-mugs","8":"first","9":"instock","10":"shipping-taxable","11":"purchasable","12":"product-type-simple"},"_links":{"self":[{"href":"https:\/\/www.hapy-com.fr\/echoppe\/wp-json\/wp\/v2\/product\/27331","targetHints":{"allow":["GET"]}}],"collection":[{"href":"https:\/\/www.hapy-com.fr\/echoppe\/wp-json\/wp\/v2\/product"}],"about":[{"href":"https:\/\/www.hapy-com.fr\/echoppe\/wp-json\/wp\/v2\/types\/product"}],"wp:featuredmedia":[{"embeddable":true,"href":"https:\/\/www.hapy-com.fr\/echoppe\/wp-json\/wp\/v2\/media\/10735"}],"wp:attachment":[{"href":"https:\/\/www.hapy-com.fr\/echoppe\/wp-json\/wp\/v2\/media?parent=27331"}],"wp:term":[{"taxonomy":"product_cat","embeddable":true,"href":"https:\/\/www.hapy-com.fr\/echoppe\/wp-json\/wp\/v2\/product_cat?post=27331"},{"taxonomy":"product_tag","embeddable":true,"href":"https:\/\/www.hapy-com.fr\/echoppe\/wp-json\/wp\/v2\/product_tag?post=27331"}],"curies":[{"name":"wp","href":"https:\/\/api.w.org\/{rel}","templated":true}]}}