{"id":27360,"date":"2022-06-24T15:02:16","date_gmt":"2022-06-24T13:02:16","guid":{"rendered":"http:\/\/www.hapy-com.fr\/echoppe\/product\/bidon-mancex-3\/"},"modified":"2022-06-24T15:02:16","modified_gmt":"2022-06-24T13:02:16","slug":"bidon-mancex-3","status":"publish","type":"product","link":"https:\/\/www.hapy-com.fr\/echoppe\/product\/bidon-mancex-3\/","title":{"rendered":"Bidon Mancex"},"content":{"rendered":"<p>Bidon de haute qualit\u00e9 et d`une capacit\u00e9 de 480ml. En Tritan et r\u00e9sistant \u00e0 la chaleur (70\u00b0c) et sans BPA. Bouchon doseur avec poign\u00e9e. Gamme de couleurs vives.<\/p>\n","protected":false},"excerpt":{"rendered":"<p>Bidon de haute qualit\u00e9 et d`une capacit\u00e9 de 480ml. En Tritan et r\u00e9sistant \u00e0 la chaleur (70\u00b0c) et sans BPA. Bouchon doseur avec poign\u00e9e. Gamme de couleurs vives.<\/p>\n","protected":false},"featured_media":27359,"template":"","meta":[],"product_cat":[346],"product_tag":[],"class_list":{"0":"post-27360","1":"product","2":"type-product","3":"status-publish","4":"has-post-thumbnail","6":"product_cat-mugs","8":"first","9":"instock","10":"shipping-taxable","11":"purchasable","12":"product-type-simple"},"_links":{"self":[{"href":"https:\/\/www.hapy-com.fr\/echoppe\/wp-json\/wp\/v2\/product\/27360","targetHints":{"allow":["GET"]}}],"collection":[{"href":"https:\/\/www.hapy-com.fr\/echoppe\/wp-json\/wp\/v2\/product"}],"about":[{"href":"https:\/\/www.hapy-com.fr\/echoppe\/wp-json\/wp\/v2\/types\/product"}],"wp:featuredmedia":[{"embeddable":true,"href":"https:\/\/www.hapy-com.fr\/echoppe\/wp-json\/wp\/v2\/media\/27359"}],"wp:attachment":[{"href":"https:\/\/www.hapy-com.fr\/echoppe\/wp-json\/wp\/v2\/media?parent=27360"}],"wp:term":[{"taxonomy":"product_cat","embeddable":true,"href":"https:\/\/www.hapy-com.fr\/echoppe\/wp-json\/wp\/v2\/product_cat?post=27360"},{"taxonomy":"product_tag","embeddable":true,"href":"https:\/\/www.hapy-com.fr\/echoppe\/wp-json\/wp\/v2\/product_tag?post=27360"}],"curies":[{"name":"wp","href":"https:\/\/api.w.org\/{rel}","templated":true}]}}