{"id":27369,"date":"2022-06-24T15:02:23","date_gmt":"2022-06-24T13:02:23","guid":{"rendered":"http:\/\/www.hapy-com.fr\/echoppe\/product\/bidon-halmik-4\/"},"modified":"2022-06-24T15:02:23","modified_gmt":"2022-06-24T13:02:23","slug":"bidon-halmik-4","status":"publish","type":"product","link":"https:\/\/www.hapy-com.fr\/echoppe\/product\/bidon-halmik-4\/","title":{"rendered":"Bidon Halmik"},"content":{"rendered":"<p>Gourde d`une capacit\u00e9 de 650ml. En Tritan r\u00e9sistant \u00e0 la chaleur (70\u00b0c) et sans BPA. Disponibles dans plusieurs coloris (corps color\u00e9 transparent) avec anneau en acier inoxydable sur la partie sup\u00e9rieure. Bouchon \u00e0 vis avec poign\u00e9e int\u00e9gr\u00e9e.<\/p>\n","protected":false},"excerpt":{"rendered":"<p>Gourde d`une capacit\u00e9 de 650ml. En Tritan r\u00e9sistant \u00e0 la chaleur (70\u00b0c) et sans BPA. Disponibles dans plusieurs coloris (corps color\u00e9 transparent) avec anneau en acier inoxydable sur la partie&#8230;<\/p>\n","protected":false},"featured_media":27368,"template":"","meta":[],"product_cat":[346],"product_tag":[],"class_list":{"0":"post-27369","1":"product","2":"type-product","3":"status-publish","4":"has-post-thumbnail","6":"product_cat-mugs","8":"first","9":"instock","10":"shipping-taxable","11":"purchasable","12":"product-type-simple"},"_links":{"self":[{"href":"https:\/\/www.hapy-com.fr\/echoppe\/wp-json\/wp\/v2\/product\/27369","targetHints":{"allow":["GET"]}}],"collection":[{"href":"https:\/\/www.hapy-com.fr\/echoppe\/wp-json\/wp\/v2\/product"}],"about":[{"href":"https:\/\/www.hapy-com.fr\/echoppe\/wp-json\/wp\/v2\/types\/product"}],"wp:featuredmedia":[{"embeddable":true,"href":"https:\/\/www.hapy-com.fr\/echoppe\/wp-json\/wp\/v2\/media\/27368"}],"wp:attachment":[{"href":"https:\/\/www.hapy-com.fr\/echoppe\/wp-json\/wp\/v2\/media?parent=27369"}],"wp:term":[{"taxonomy":"product_cat","embeddable":true,"href":"https:\/\/www.hapy-com.fr\/echoppe\/wp-json\/wp\/v2\/product_cat?post=27369"},{"taxonomy":"product_tag","embeddable":true,"href":"https:\/\/www.hapy-com.fr\/echoppe\/wp-json\/wp\/v2\/product_tag?post=27369"}],"curies":[{"name":"wp","href":"https:\/\/api.w.org\/{rel}","templated":true}]}}