{"id":27387,"date":"2022-06-24T15:02:39","date_gmt":"2022-06-24T13:02:39","guid":{"rendered":"http:\/\/www.hapy-com.fr\/echoppe\/product\/tasse-renkur-3\/"},"modified":"2022-06-24T15:02:39","modified_gmt":"2022-06-24T13:02:39","slug":"tasse-renkur-3","status":"publish","type":"product","link":"https:\/\/www.hapy-com.fr\/echoppe\/product\/tasse-renkur-3\/","title":{"rendered":"Tasse Renkur"},"content":{"rendered":"<p>Tasse en c\u00e9ramique d\u00b4une capacit\u00e9 de 350 ml. Disponible en couleurs \u00e9clatantes argent\u00e9es et dor\u00e9es. Sp\u00e9cialement con\u00e7u pour le marquage au laser et avec un rev\u00eatement ext\u00e9rieur sp\u00e9cial, votre publicit\u00e9 est parfaitement enregistr\u00e9e en blanc, pour correspondre \u00e0 la couleur int\u00e9rieure de la tasse. Pr\u00e9sent\u00e9 dans une bo\u00eete individuelle.<\/p>\n","protected":false},"excerpt":{"rendered":"<p>Tasse en c\u00e9ramique d\u00b4une capacit\u00e9 de 350 ml. Disponible en couleurs \u00e9clatantes argent\u00e9es et dor\u00e9es. Sp\u00e9cialement con\u00e7u pour le marquage au laser et avec un rev\u00eatement ext\u00e9rieur sp\u00e9cial, votre publicit\u00e9&#8230;<\/p>\n","protected":false},"featured_media":27386,"template":"","meta":[],"product_cat":[346],"product_tag":[],"class_list":{"0":"post-27387","1":"product","2":"type-product","3":"status-publish","4":"has-post-thumbnail","6":"product_cat-mugs","8":"first","9":"instock","10":"shipping-taxable","11":"purchasable","12":"product-type-simple"},"_links":{"self":[{"href":"https:\/\/www.hapy-com.fr\/echoppe\/wp-json\/wp\/v2\/product\/27387","targetHints":{"allow":["GET"]}}],"collection":[{"href":"https:\/\/www.hapy-com.fr\/echoppe\/wp-json\/wp\/v2\/product"}],"about":[{"href":"https:\/\/www.hapy-com.fr\/echoppe\/wp-json\/wp\/v2\/types\/product"}],"wp:featuredmedia":[{"embeddable":true,"href":"https:\/\/www.hapy-com.fr\/echoppe\/wp-json\/wp\/v2\/media\/27386"}],"wp:attachment":[{"href":"https:\/\/www.hapy-com.fr\/echoppe\/wp-json\/wp\/v2\/media?parent=27387"}],"wp:term":[{"taxonomy":"product_cat","embeddable":true,"href":"https:\/\/www.hapy-com.fr\/echoppe\/wp-json\/wp\/v2\/product_cat?post=27387"},{"taxonomy":"product_tag","embeddable":true,"href":"https:\/\/www.hapy-com.fr\/echoppe\/wp-json\/wp\/v2\/product_tag?post=27387"}],"curies":[{"name":"wp","href":"https:\/\/api.w.org\/{rel}","templated":true}]}}